{"id":4666,"date":"2025-09-24T18:09:27","date_gmt":"2025-09-24T16:09:27","guid":{"rendered":"https:\/\/lockcon.ch\/produkte\/tiersporttest-antidoping\/yellow-funnel\/"},"modified":"2025-09-25T14:22:34","modified_gmt":"2025-09-25T12:22:34","slug":"gelber-trichter","status":"publish","type":"page","link":"https:\/\/lockcon.ch\/de\/produkte\/tiersporttest-antidoping\/gelber-trichter\/","title":{"rendered":"Gelber Trichter"},"content":{"rendered":"\t\t<div data-elementor-type=\"wp-post\" data-elementor-id=\"4666\" class=\"elementor elementor-4666 elementor-4662\" data-elementor-post-type=\"page\">\n\t\t\t\t\t\t<section class=\"elementor-section elementor-top-section elementor-element elementor-element-df99ee4 elementor-section-boxed elementor-section-height-default elementor-section-height-default\" data-id=\"df99ee4\" data-element_type=\"section\">\n\t\t\t\t\t\t<div class=\"elementor-container elementor-column-gap-default\">\n\t\t\t\t\t<div class=\"elementor-column elementor-col-100 elementor-top-column elementor-element elementor-element-6a2adb0\" data-id=\"6a2adb0\" data-element_type=\"column\">\n\t\t\t<div class=\"elementor-widget-wrap\">\n\t\t\t\t\t\t\t<\/div>\n\t\t<\/div>\n\t\t\t\t\t<\/div>\n\t\t<\/section>\n\t\t\t\t<section class=\"elementor-section elementor-top-section elementor-element elementor-element-1b15886 elementor-section-content-middle elementor-section-boxed elementor-section-height-default elementor-section-height-default\" data-id=\"1b15886\" data-element_type=\"section\" data-settings=\"{&quot;background_background&quot;:&quot;classic&quot;}\">\n\t\t\t\t\t\t\t<div class=\"elementor-background-overlay\"><\/div>\n\t\t\t\t\t\t\t<div class=\"elementor-container elementor-column-gap-no\">\n\t\t\t\t\t<div class=\"elementor-column elementor-col-100 elementor-top-column elementor-element elementor-element-e4a2a54\" data-id=\"e4a2a54\" data-element_type=\"column\">\n\t\t\t<div class=\"elementor-widget-wrap elementor-element-populated\">\n\t\t\t\t\t\t<div class=\"elementor-element elementor-element-fba4660 elementor-widget elementor-widget-heading\" data-id=\"fba4660\" data-element_type=\"widget\" data-widget_type=\"heading.default\">\n\t\t\t\t<div class=\"elementor-widget-container\">\n\t\t\t\t\t<h1 class=\"elementor-heading-title elementor-size-default\">Tiersporttest Antidoping<\/h1>\t\t\t\t<\/div>\n\t\t\t\t<\/div>\n\t\t\t\t\t<\/div>\n\t\t<\/div>\n\t\t\t\t\t<\/div>\n\t\t<\/section>\n\t\t\t\t<section class=\"elementor-section elementor-top-section elementor-element elementor-element-173a89a elementor-section-boxed elementor-section-height-default elementor-section-height-default\" data-id=\"173a89a\" data-element_type=\"section\" data-settings=\"{&quot;background_background&quot;:&quot;classic&quot;}\">\n\t\t\t\t\t\t<div class=\"elementor-container elementor-column-gap-default\">\n\t\t\t\t\t<div class=\"elementor-column elementor-col-100 elementor-top-column elementor-element elementor-element-d81586e\" data-id=\"d81586e\" data-element_type=\"column\">\n\t\t\t<div class=\"elementor-widget-wrap elementor-element-populated\">\n\t\t\t\t\t\t<div class=\"elementor-element elementor-element-3e7fcfe elementor-widget elementor-widget-heading\" data-id=\"3e7fcfe\" data-element_type=\"widget\" data-widget_type=\"heading.default\">\n\t\t\t\t<div class=\"elementor-widget-container\">\n\t\t\t\t\t<h2 class=\"elementor-heading-title elementor-size-default\">Sauber sammeln ohne Umleeren \u2013 der gelbe Trichter f\u00fcr das Klic10<\/h2>\t\t\t\t<\/div>\n\t\t\t\t<\/div>\n\t\t\t\t<div class=\"elementor-element elementor-element-ea9bf73 elementor-widget elementor-widget-text-editor\" data-id=\"ea9bf73\" data-element_type=\"widget\" data-widget_type=\"text-editor.default\">\n\t\t\t\t<div class=\"elementor-widget-container\">\n\t\t\t\t\t\t\t\t\t<p>F\u00fcr eine einfache und hygienische Probenahme kleiner Fl\u00fcssigkeitsmengen.<\/p>\t\t\t\t\t\t\t\t<\/div>\n\t\t\t\t<\/div>\n\t\t\t\t\t<\/div>\n\t\t<\/div>\n\t\t\t\t\t<\/div>\n\t\t<\/section>\n\t\t\t\t<section class=\"elementor-section elementor-top-section elementor-element elementor-element-516dbed elementor-section-boxed elementor-section-height-default elementor-section-height-default\" data-id=\"516dbed\" data-element_type=\"section\" data-settings=\"{&quot;background_background&quot;:&quot;classic&quot;}\">\n\t\t\t\t\t\t<div class=\"elementor-container elementor-column-gap-default\">\n\t\t\t\t\t<div class=\"elementor-column elementor-col-100 elementor-top-column elementor-element elementor-element-b5f8e9e\" data-id=\"b5f8e9e\" data-element_type=\"column\">\n\t\t\t<div class=\"elementor-widget-wrap elementor-element-populated\">\n\t\t\t\t\t\t<div class=\"elementor-element elementor-element-81d5801 elementor-widget elementor-widget-text-editor\" data-id=\"81d5801\" data-element_type=\"widget\" data-widget_type=\"text-editor.default\">\n\t\t\t\t<div class=\"elementor-widget-container\">\n\t\t\t\t\t\t\t\t\t<p>Der Trichter macht die Probenahme mit dem Klic10 einfacher und sauberer. Direkt aufgesteckt, sitzt er dicht und leitet den Urin zuverl\u00e4ssig in den Container. Dank cleverer Vertiefung fliesst auch bei kr\u00e4ftigem Strahl alles sauber ins Klic10. Bis zu 20 ml pro Container \u2013 ohne Umleeren, ohne Aufwand.<\/p>\t\t\t\t\t\t\t\t<\/div>\n\t\t\t\t<\/div>\n\t\t\t\t<div class=\"elementor-element elementor-element-7f861c5 elementor-widget elementor-widget-image\" data-id=\"7f861c5\" data-element_type=\"widget\" data-widget_type=\"image.default\">\n\t\t\t\t<div class=\"elementor-widget-container\">\n\t\t\t\t\t\t\t\t\t\t\t\t\t\t\t<img fetchpriority=\"high\" decoding=\"async\" width=\"1024\" height=\"738\" src=\"https:\/\/lockcon.ch\/wp-content\/uploads\/2025\/09\/Klic10-with-funnel-1024x738.jpg\" class=\"attachment-large size-large wp-image-4600\" alt=\"Klic10-with-funnel yellow\" srcset=\"https:\/\/lockcon.ch\/wp-content\/uploads\/2025\/09\/Klic10-with-funnel-1024x738.jpg 1024w, https:\/\/lockcon.ch\/wp-content\/uploads\/2025\/09\/Klic10-with-funnel-300x216.jpg 300w, https:\/\/lockcon.ch\/wp-content\/uploads\/2025\/09\/Klic10-with-funnel-768x554.jpg 768w, https:\/\/lockcon.ch\/wp-content\/uploads\/2025\/09\/Klic10-with-funnel-1000x721.jpg 1000w, https:\/\/lockcon.ch\/wp-content\/uploads\/2025\/09\/Klic10-with-funnel-230x166.jpg 230w, https:\/\/lockcon.ch\/wp-content\/uploads\/2025\/09\/Klic10-with-funnel-350x252.jpg 350w, https:\/\/lockcon.ch\/wp-content\/uploads\/2025\/09\/Klic10-with-funnel-480x346.jpg 480w, https:\/\/lockcon.ch\/wp-content\/uploads\/2025\/09\/Klic10-with-funnel.jpg 1200w\" sizes=\"(max-width: 1024px) 100vw, 1024px\" \/>\t\t\t\t\t\t\t\t\t\t\t\t\t\t\t<\/div>\n\t\t\t\t<\/div>\n\t\t\t\t<div class=\"elementor-element elementor-element-8bff0ac elementor-widget elementor-widget-text-editor\" data-id=\"8bff0ac\" data-element_type=\"widget\" data-widget_type=\"text-editor.default\">\n\t\t\t\t<div class=\"elementor-widget-container\">\n\t\t\t\t\t\t\t\t\t<ul><li>Direkt auf das Klic10 aufstecken, sitzt dicht<\/li><li>Bis zu 20 ml pro Container sammeln<\/li><li>Vertiefung sorgt f\u00fcr sauberes Auffangen<\/li><li>Kein Umleeren, kein Kleckern<\/li><li>Robust aus Polypropylen, sauber und hygienisch verpackt<\/li><li>Nach der Probenahme einfach entsorgen<\/li><\/ul>\t\t\t\t\t\t\t\t<\/div>\n\t\t\t\t<\/div>\n\t\t\t\t\t<\/div>\n\t\t<\/div>\n\t\t\t\t\t<\/div>\n\t\t<\/section>\n\t\t\t\t<section class=\"elementor-section elementor-top-section elementor-element elementor-element-d49edfa elementor-section-boxed elementor-section-height-default elementor-section-height-default\" data-id=\"d49edfa\" data-element_type=\"section\" data-settings=\"{&quot;background_background&quot;:&quot;classic&quot;}\">\n\t\t\t\t\t\t<div class=\"elementor-container elementor-column-gap-default\">\n\t\t\t\t\t<div class=\"elementor-column elementor-col-100 elementor-top-column elementor-element elementor-element-04738ff\" data-id=\"04738ff\" data-element_type=\"column\">\n\t\t\t<div class=\"elementor-widget-wrap elementor-element-populated\">\n\t\t\t\t\t\t<div class=\"elementor-element elementor-element-3348468 elementor-widget elementor-widget-text-editor\" data-id=\"3348468\" data-element_type=\"widget\" data-widget_type=\"text-editor.default\">\n\t\t\t\t<div class=\"elementor-widget-container\">\n\t\t\t\t\t\t\t\t\t<p>Bereits erfolgreich beim Sammeln von Urin bei Hunden getestet. Praktisch, sicher und perfekt auf das Klic10 abgestimmt.<\/p>\t\t\t\t\t\t\t\t<\/div>\n\t\t\t\t<\/div>\n\t\t\t\t<div class=\"elementor-element elementor-element-4b82533 elementor-align-center elementor-widget elementor-widget-button\" data-id=\"4b82533\" data-element_type=\"widget\" data-widget_type=\"button.default\">\n\t\t\t\t<div class=\"elementor-widget-container\">\n\t\t\t\t\t\t\t\t\t<div class=\"elementor-button-wrapper\">\n\t\t\t\t\t<a class=\"elementor-button elementor-button-link elementor-size-sm elementor-animation-shrink\" href=\"mailto:%20info@lockcon.ch\" target=\"_blank\" id=\"lockcon-id\">\n\t\t\t\t\t\t<span class=\"elementor-button-content-wrapper\">\n\t\t\t\t\t\t\t\t\t<span class=\"elementor-button-text\">jetzt bestellen<\/span>\n\t\t\t\t\t<\/span>\n\t\t\t\t\t<\/a>\n\t\t\t\t<\/div>\n\t\t\t\t\t\t\t\t<\/div>\n\t\t\t\t<\/div>\n\t\t\t\t\t<\/div>\n\t\t<\/div>\n\t\t\t\t\t<\/div>\n\t\t<\/section>\n\t\t\t\t<\/div>\n\t\t","protected":false},"excerpt":{"rendered":"<p>Tiersporttest Antidoping Sauber sammeln ohne Umleeren \u2013 der gelbe Trichter f\u00fcr das Klic10 F\u00fcr eine einfache und hygienische Probenahme kleiner Fl\u00fcssigkeitsmengen. Der [&hellip;]<\/p>\n","protected":false},"author":2,"featured_media":0,"parent":2422,"menu_order":0,"comment_status":"closed","ping_status":"closed","template":"page-templates\/page_front-page.php","meta":{"footnotes":""},"class_list":["post-4666","page","type-page","status-publish","hentry"],"_links":{"self":[{"href":"https:\/\/lockcon.ch\/de\/wp-json\/wp\/v2\/pages\/4666","targetHints":{"allow":["GET"]}}],"collection":[{"href":"https:\/\/lockcon.ch\/de\/wp-json\/wp\/v2\/pages"}],"about":[{"href":"https:\/\/lockcon.ch\/de\/wp-json\/wp\/v2\/types\/page"}],"author":[{"embeddable":true,"href":"https:\/\/lockcon.ch\/de\/wp-json\/wp\/v2\/users\/2"}],"replies":[{"embeddable":true,"href":"https:\/\/lockcon.ch\/de\/wp-json\/wp\/v2\/comments?post=4666"}],"version-history":[{"count":4,"href":"https:\/\/lockcon.ch\/de\/wp-json\/wp\/v2\/pages\/4666\/revisions"}],"predecessor-version":[{"id":4670,"href":"https:\/\/lockcon.ch\/de\/wp-json\/wp\/v2\/pages\/4666\/revisions\/4670"}],"up":[{"embeddable":true,"href":"https:\/\/lockcon.ch\/de\/wp-json\/wp\/v2\/pages\/2422"}],"wp:attachment":[{"href":"https:\/\/lockcon.ch\/de\/wp-json\/wp\/v2\/media?parent=4666"}],"curies":[{"name":"wp","href":"https:\/\/api.w.org\/{rel}","templated":true}]}}