{"id":545,"date":"2019-08-14T10:45:19","date_gmt":"2019-08-14T08:45:19","guid":{"rendered":"http:\/\/lockcon.ch\/?page_id=545"},"modified":"2026-04-01T17:56:38","modified_gmt":"2026-04-01T15:56:38","slug":"gebrauchsanweisung","status":"publish","type":"page","link":"https:\/\/lockcon.ch\/de\/gebrauchsanweisung\/","title":{"rendered":"Gebrauchsanweisung"},"content":{"rendered":"\t\t<div data-elementor-type=\"wp-post\" data-elementor-id=\"545\" class=\"elementor elementor-545 elementor-209\" data-elementor-post-type=\"page\">\n\t\t\t\t\t\t<section class=\"elementor-section elementor-top-section elementor-element elementor-element-df99ee4 elementor-section-boxed elementor-section-height-default elementor-section-height-default\" data-id=\"df99ee4\" data-element_type=\"section\">\n\t\t\t\t\t\t<div class=\"elementor-container elementor-column-gap-default\">\n\t\t\t\t\t<div class=\"elementor-column elementor-col-100 elementor-top-column elementor-element elementor-element-6a2adb0\" data-id=\"6a2adb0\" data-element_type=\"column\">\n\t\t\t<div class=\"elementor-widget-wrap\">\n\t\t\t\t\t\t\t<\/div>\n\t\t<\/div>\n\t\t\t\t\t<\/div>\n\t\t<\/section>\n\t\t\t\t<section class=\"elementor-section elementor-top-section elementor-element elementor-element-1b15886 elementor-section-content-middle elementor-section-boxed elementor-section-height-default elementor-section-height-default\" data-id=\"1b15886\" data-element_type=\"section\" data-settings=\"{&quot;background_background&quot;:&quot;classic&quot;}\">\n\t\t\t\t\t\t\t<div class=\"elementor-background-overlay\"><\/div>\n\t\t\t\t\t\t\t<div class=\"elementor-container elementor-column-gap-no\">\n\t\t\t\t\t<div class=\"elementor-column elementor-col-100 elementor-top-column elementor-element elementor-element-e4a2a54\" data-id=\"e4a2a54\" data-element_type=\"column\">\n\t\t\t<div class=\"elementor-widget-wrap elementor-element-populated\">\n\t\t\t\t\t\t<div class=\"elementor-element elementor-element-fba4660 elementor-widget elementor-widget-heading\" data-id=\"fba4660\" data-element_type=\"widget\" data-widget_type=\"heading.default\">\n\t\t\t\t<div class=\"elementor-widget-container\">\n\t\t\t\t\t<h1 class=\"elementor-heading-title elementor-size-default\">Verwendung und Anwendung<\/h1>\t\t\t\t<\/div>\n\t\t\t\t<\/div>\n\t\t\t\t\t<\/div>\n\t\t<\/div>\n\t\t\t\t\t<\/div>\n\t\t<\/section>\n\t\t\t\t<section class=\"elementor-section elementor-top-section elementor-element elementor-element-a69c35b elementor-section-boxed elementor-section-height-default elementor-section-height-default\" data-id=\"a69c35b\" data-element_type=\"section\" data-settings=\"{&quot;background_background&quot;:&quot;classic&quot;}\">\n\t\t\t\t\t\t<div class=\"elementor-container elementor-column-gap-default\">\n\t\t\t\t\t<div class=\"elementor-column elementor-col-100 elementor-top-column elementor-element elementor-element-6be82c5\" data-id=\"6be82c5\" data-element_type=\"column\">\n\t\t\t<div class=\"elementor-widget-wrap elementor-element-populated\">\n\t\t\t\t\t\t<div class=\"elementor-element elementor-element-a50cc6d elementor-widget elementor-widget-heading\" data-id=\"a50cc6d\" data-element_type=\"widget\" data-widget_type=\"heading.default\">\n\t\t\t\t<div class=\"elementor-widget-container\">\n\t\t\t\t\t<h2 class=\"elementor-heading-title elementor-size-default\">Finden Sie die passende Gebrauchsanweisung<\/h2>\t\t\t\t<\/div>\n\t\t\t\t<\/div>\n\t\t\t\t<div class=\"elementor-element elementor-element-f8e7686 elementor-widget elementor-widget-text-editor\" data-id=\"f8e7686\" data-element_type=\"widget\" data-widget_type=\"text-editor.default\">\n\t\t\t\t<div class=\"elementor-widget-container\">\n\t\t\t\t\t\t\t\t\t<p class=\"\" data-start=\"0\" data-end=\"81\">W\u00e4hlen Sie Ihr Produkt aus, um die entsprechende Gebrauchsanweisung aufzurufen.<\/p><p class=\"\" data-start=\"83\" data-end=\"223\">Bitte beachten Sie, dass die Anweisungen ausschlie\u00dflich f\u00fcr die Verwendung des Kits gelten \u2013 nicht f\u00fcr den Inhalt, den Sie darin abf\u00fcllen.<\/p><p class=\"\" data-start=\"225\" data-end=\"366\">Ben\u00f6tigen Sie eine individuelle Anleitung oder eine \u00dcbersetzung in eine andere Sprache? Kontaktieren Sie uns gerne \u2013 wir helfen Ihnen weiter!<\/p>\t\t\t\t\t\t\t\t<\/div>\n\t\t\t\t<\/div>\n\t\t\t\t\t<\/div>\n\t\t<\/div>\n\t\t\t\t\t<\/div>\n\t\t<\/section>\n\t\t\t\t<section class=\"elementor-section elementor-top-section elementor-element elementor-element-b44f38b elementor-section-boxed elementor-section-height-default elementor-section-height-default\" data-id=\"b44f38b\" data-element_type=\"section\" data-settings=\"{&quot;background_background&quot;:&quot;classic&quot;}\">\n\t\t\t\t\t\t<div class=\"elementor-container elementor-column-gap-default\">\n\t\t\t\t\t<div class=\"elementor-column elementor-col-50 elementor-top-column elementor-element elementor-element-e2abea2\" data-id=\"e2abea2\" data-element_type=\"column\">\n\t\t\t<div class=\"elementor-widget-wrap elementor-element-populated\">\n\t\t\t\t\t\t<div class=\"elementor-element elementor-element-3315fec elementor-widget elementor-widget-heading\" data-id=\"3315fec\" data-element_type=\"widget\" data-widget_type=\"heading.default\">\n\t\t\t\t<div class=\"elementor-widget-container\">\n\t\t\t\t\t<h2 class=\"elementor-heading-title elementor-size-default\"><a href=\"https:\/\/lockcon.ch\/de\/gebrauchsanweisung\/gebrauchsanweisung-klic100\/\">Klic100 Urin<\/a><\/h2>\t\t\t\t<\/div>\n\t\t\t\t<\/div>\n\t\t\t\t<div class=\"elementor-element elementor-element-800d4ea elementor-widget elementor-widget-image\" data-id=\"800d4ea\" data-element_type=\"widget\" data-widget_type=\"image.default\">\n\t\t\t\t<div class=\"elementor-widget-container\">\n\t\t\t\t\t\t\t\t\t\t\t\t\t\t\t\t<a href=\"https:\/\/lockcon.ch\/de\/gebrauchsanweisung\/gebrauchsanweisung-klic100\/\">\n\t\t\t\t\t\t\t<img fetchpriority=\"high\" decoding=\"async\" width=\"1024\" height=\"683\" src=\"https:\/\/lockcon.ch\/wp-content\/uploads\/2025\/03\/lockcon_klic100-gold_complete-1024x683.jpg\" class=\"attachment-large size-large wp-image-4184\" alt=\"\" srcset=\"https:\/\/lockcon.ch\/wp-content\/uploads\/2025\/03\/lockcon_klic100-gold_complete-1024x683.jpg 1024w, https:\/\/lockcon.ch\/wp-content\/uploads\/2025\/03\/lockcon_klic100-gold_complete-300x200.jpg 300w, https:\/\/lockcon.ch\/wp-content\/uploads\/2025\/03\/lockcon_klic100-gold_complete-768x512.jpg 768w, https:\/\/lockcon.ch\/wp-content\/uploads\/2025\/03\/lockcon_klic100-gold_complete-830x553.jpg 830w, https:\/\/lockcon.ch\/wp-content\/uploads\/2025\/03\/lockcon_klic100-gold_complete-230x153.jpg 230w, https:\/\/lockcon.ch\/wp-content\/uploads\/2025\/03\/lockcon_klic100-gold_complete-350x233.jpg 350w, https:\/\/lockcon.ch\/wp-content\/uploads\/2025\/03\/lockcon_klic100-gold_complete-480x320.jpg 480w, https:\/\/lockcon.ch\/wp-content\/uploads\/2025\/03\/lockcon_klic100-gold_complete-272x182.jpg 272w, https:\/\/lockcon.ch\/wp-content\/uploads\/2025\/03\/lockcon_klic100-gold_complete.jpg 1200w\" sizes=\"(max-width: 1024px) 100vw, 1024px\" \/>\t\t\t\t\t\t\t\t<\/a>\n\t\t\t\t\t\t\t\t\t\t\t\t\t\t\t<\/div>\n\t\t\t\t<\/div>\n\t\t\t\t\t<\/div>\n\t\t<\/div>\n\t\t\t\t<div class=\"elementor-column elementor-col-50 elementor-top-column elementor-element elementor-element-e4b784a\" data-id=\"e4b784a\" data-element_type=\"column\">\n\t\t\t<div class=\"elementor-widget-wrap elementor-element-populated\">\n\t\t\t\t\t\t<div class=\"elementor-element elementor-element-eb36cd1 elementor-widget elementor-widget-heading\" data-id=\"eb36cd1\" data-element_type=\"widget\" data-widget_type=\"heading.default\">\n\t\t\t\t<div class=\"elementor-widget-container\">\n\t\t\t\t\t<h2 class=\"elementor-heading-title elementor-size-default\"><a href=\"https:\/\/lockcon.ch\/de\/gebrauchsanweisung\/gebrauchsanweisung-klic10\/\">Klic10 Blut<\/a><\/h2>\t\t\t\t<\/div>\n\t\t\t\t<\/div>\n\t\t\t\t<div class=\"elementor-element elementor-element-b08c1d7 elementor-widget elementor-widget-image\" data-id=\"b08c1d7\" data-element_type=\"widget\" data-widget_type=\"image.default\">\n\t\t\t\t<div class=\"elementor-widget-container\">\n\t\t\t\t\t\t\t\t\t\t\t\t\t\t\t\t<a href=\"https:\/\/lockcon.ch\/de\/gebrauchsanweisung\/gebrauchsanweisung-klic10\/\">\n\t\t\t\t\t\t\t<img decoding=\"async\" width=\"1024\" height=\"683\" src=\"https:\/\/lockcon.ch\/wp-content\/uploads\/2025\/03\/lockcon_klic10-gold-1024x683.jpg\" class=\"attachment-large size-large wp-image-4189\" alt=\"\" srcset=\"https:\/\/lockcon.ch\/wp-content\/uploads\/2025\/03\/lockcon_klic10-gold-1024x683.jpg 1024w, https:\/\/lockcon.ch\/wp-content\/uploads\/2025\/03\/lockcon_klic10-gold-300x200.jpg 300w, https:\/\/lockcon.ch\/wp-content\/uploads\/2025\/03\/lockcon_klic10-gold-768x512.jpg 768w, https:\/\/lockcon.ch\/wp-content\/uploads\/2025\/03\/lockcon_klic10-gold-830x553.jpg 830w, https:\/\/lockcon.ch\/wp-content\/uploads\/2025\/03\/lockcon_klic10-gold-230x153.jpg 230w, https:\/\/lockcon.ch\/wp-content\/uploads\/2025\/03\/lockcon_klic10-gold-350x233.jpg 350w, https:\/\/lockcon.ch\/wp-content\/uploads\/2025\/03\/lockcon_klic10-gold-480x320.jpg 480w, https:\/\/lockcon.ch\/wp-content\/uploads\/2025\/03\/lockcon_klic10-gold-272x182.jpg 272w, https:\/\/lockcon.ch\/wp-content\/uploads\/2025\/03\/lockcon_klic10-gold.jpg 1200w\" sizes=\"(max-width: 1024px) 100vw, 1024px\" \/>\t\t\t\t\t\t\t\t<\/a>\n\t\t\t\t\t\t\t\t\t\t\t\t\t\t\t<\/div>\n\t\t\t\t<\/div>\n\t\t\t\t\t<\/div>\n\t\t<\/div>\n\t\t\t\t\t<\/div>\n\t\t<\/section>\n\t\t\t\t<section class=\"elementor-section elementor-top-section elementor-element elementor-element-375c27d elementor-section-boxed elementor-section-height-default elementor-section-height-default\" data-id=\"375c27d\" data-element_type=\"section\" data-settings=\"{&quot;background_background&quot;:&quot;classic&quot;}\">\n\t\t\t\t\t\t<div class=\"elementor-container elementor-column-gap-default\">\n\t\t\t\t\t<div class=\"elementor-column elementor-col-50 elementor-top-column elementor-element elementor-element-8ef0dba\" data-id=\"8ef0dba\" data-element_type=\"column\">\n\t\t\t<div class=\"elementor-widget-wrap elementor-element-populated\">\n\t\t\t\t\t\t<div class=\"elementor-element elementor-element-f2df9c9 elementor-widget elementor-widget-heading\" data-id=\"f2df9c9\" data-element_type=\"widget\" data-widget_type=\"heading.default\">\n\t\t\t\t<div class=\"elementor-widget-container\">\n\t\t\t\t\t<h2 class=\"elementor-heading-title elementor-size-default\"><a href=\"https:\/\/lockcon.ch\/de\/gebrauchsanweisung\/gebrauchsanweisung-klic150\/\">Klic150 Urin<\/a><\/h2>\t\t\t\t<\/div>\n\t\t\t\t<\/div>\n\t\t\t\t<div class=\"elementor-element elementor-element-3f5b1e8 elementor-widget elementor-widget-image\" data-id=\"3f5b1e8\" data-element_type=\"widget\" data-widget_type=\"image.default\">\n\t\t\t\t<div class=\"elementor-widget-container\">\n\t\t\t\t\t\t\t\t\t\t\t\t\t\t\t\t<a href=\"https:\/\/lockcon.ch\/de\/gebrauchsanweisung\/gebrauchsanweisung-klic150\/\">\n\t\t\t\t\t\t\t<img decoding=\"async\" width=\"1024\" height=\"683\" src=\"https:\/\/lockcon.ch\/wp-content\/uploads\/2025\/03\/lockcon_klic150-1024x683.jpg\" class=\"attachment-large size-large wp-image-4194\" alt=\"\" srcset=\"https:\/\/lockcon.ch\/wp-content\/uploads\/2025\/03\/lockcon_klic150-1024x683.jpg 1024w, https:\/\/lockcon.ch\/wp-content\/uploads\/2025\/03\/lockcon_klic150-300x200.jpg 300w, https:\/\/lockcon.ch\/wp-content\/uploads\/2025\/03\/lockcon_klic150-768x512.jpg 768w, https:\/\/lockcon.ch\/wp-content\/uploads\/2025\/03\/lockcon_klic150-830x553.jpg 830w, https:\/\/lockcon.ch\/wp-content\/uploads\/2025\/03\/lockcon_klic150-230x153.jpg 230w, https:\/\/lockcon.ch\/wp-content\/uploads\/2025\/03\/lockcon_klic150-350x233.jpg 350w, https:\/\/lockcon.ch\/wp-content\/uploads\/2025\/03\/lockcon_klic150-480x320.jpg 480w, https:\/\/lockcon.ch\/wp-content\/uploads\/2025\/03\/lockcon_klic150-272x182.jpg 272w, https:\/\/lockcon.ch\/wp-content\/uploads\/2025\/03\/lockcon_klic150.jpg 1200w\" sizes=\"(max-width: 1024px) 100vw, 1024px\" \/>\t\t\t\t\t\t\t\t<\/a>\n\t\t\t\t\t\t\t\t\t\t\t\t\t\t\t<\/div>\n\t\t\t\t<\/div>\n\t\t\t\t\t<\/div>\n\t\t<\/div>\n\t\t\t\t<div class=\"elementor-column elementor-col-50 elementor-top-column elementor-element elementor-element-3b9c6be\" data-id=\"3b9c6be\" data-element_type=\"column\">\n\t\t\t<div class=\"elementor-widget-wrap elementor-element-populated\">\n\t\t\t\t\t\t<div class=\"elementor-element elementor-element-9bbb133 elementor-widget elementor-widget-heading\" data-id=\"9bbb133\" data-element_type=\"widget\" data-widget_type=\"heading.default\">\n\t\t\t\t<div class=\"elementor-widget-container\">\n\t\t\t\t\t<h2 class=\"elementor-heading-title elementor-size-default\"><a href=\"https:\/\/lockcon.ch\/de\/gebrauchsanweisung\/gebrauchsanweisung-klic185\/\">Klic185 Blut<\/a><\/h2>\t\t\t\t<\/div>\n\t\t\t\t<\/div>\n\t\t\t\t<div class=\"elementor-element elementor-element-920e586 elementor-widget elementor-widget-image\" data-id=\"920e586\" data-element_type=\"widget\" data-widget_type=\"image.default\">\n\t\t\t\t<div class=\"elementor-widget-container\">\n\t\t\t\t\t\t\t\t\t\t\t\t\t\t\t\t<a href=\"https:\/\/lockcon.ch\/de\/gebrauchsanweisung\/gebrauchsanweisung-klic185\/\">\n\t\t\t\t\t\t\t<img loading=\"lazy\" decoding=\"async\" width=\"1024\" height=\"683\" src=\"https:\/\/lockcon.ch\/wp-content\/uploads\/2025\/03\/lockcon_klic185-1-1024x683.jpg\" class=\"attachment-large size-large wp-image-4199\" alt=\"\" srcset=\"https:\/\/lockcon.ch\/wp-content\/uploads\/2025\/03\/lockcon_klic185-1-1024x683.jpg 1024w, https:\/\/lockcon.ch\/wp-content\/uploads\/2025\/03\/lockcon_klic185-1-300x200.jpg 300w, https:\/\/lockcon.ch\/wp-content\/uploads\/2025\/03\/lockcon_klic185-1-768x512.jpg 768w, https:\/\/lockcon.ch\/wp-content\/uploads\/2025\/03\/lockcon_klic185-1-830x553.jpg 830w, https:\/\/lockcon.ch\/wp-content\/uploads\/2025\/03\/lockcon_klic185-1-230x153.jpg 230w, https:\/\/lockcon.ch\/wp-content\/uploads\/2025\/03\/lockcon_klic185-1-350x233.jpg 350w, https:\/\/lockcon.ch\/wp-content\/uploads\/2025\/03\/lockcon_klic185-1-480x320.jpg 480w, https:\/\/lockcon.ch\/wp-content\/uploads\/2025\/03\/lockcon_klic185-1-272x182.jpg 272w, https:\/\/lockcon.ch\/wp-content\/uploads\/2025\/03\/lockcon_klic185-1.jpg 1200w\" sizes=\"(max-width: 1024px) 100vw, 1024px\" \/>\t\t\t\t\t\t\t\t<\/a>\n\t\t\t\t\t\t\t\t\t\t\t\t\t\t\t<\/div>\n\t\t\t\t<\/div>\n\t\t\t\t\t<\/div>\n\t\t<\/div>\n\t\t\t\t\t<\/div>\n\t\t<\/section>\n\t\t\t\t<section class=\"elementor-section elementor-top-section elementor-element elementor-element-2b54c5b elementor-section-boxed elementor-section-height-default elementor-section-height-default\" data-id=\"2b54c5b\" data-element_type=\"section\" data-settings=\"{&quot;background_background&quot;:&quot;classic&quot;}\">\n\t\t\t\t\t\t<div class=\"elementor-container elementor-column-gap-default\">\n\t\t\t\t\t<div class=\"elementor-column elementor-col-50 elementor-top-column elementor-element elementor-element-8af9599\" data-id=\"8af9599\" data-element_type=\"column\">\n\t\t\t<div class=\"elementor-widget-wrap elementor-element-populated\">\n\t\t\t\t\t\t<div class=\"elementor-element elementor-element-5ebd73f elementor-widget elementor-widget-heading\" data-id=\"5ebd73f\" data-element_type=\"widget\" data-widget_type=\"heading.default\">\n\t\t\t\t<div class=\"elementor-widget-container\">\n\t\t\t\t\t<h2 class=\"elementor-heading-title elementor-size-default\"><a href=\"https:\/\/lockcon.ch\/wp-content\/uploads\/2026\/04\/Anleitung-zur-MedikationskontrolleV5.pdf\" target=\"_blank\">Medikationskontrolle Pferdesport Deutschland<\/a><\/h2>\t\t\t\t<\/div>\n\t\t\t\t<\/div>\n\t\t\t\t<div class=\"elementor-element elementor-element-e46a67e elementor-widget elementor-widget-image\" data-id=\"e46a67e\" data-element_type=\"widget\" data-widget_type=\"image.default\">\n\t\t\t\t<div class=\"elementor-widget-container\">\n\t\t\t\t\t\t\t\t\t\t\t\t\t\t\t\t<a href=\"https:\/\/lockcon.ch\/wp-content\/uploads\/2026\/04\/Anleitung-zur-MedikationskontrolleV5.pdf\" target=\"_blank\">\n\t\t\t\t\t\t\t<img loading=\"lazy\" decoding=\"async\" width=\"370\" height=\"247\" src=\"https:\/\/lockcon.ch\/wp-content\/uploads\/2026\/04\/Pferd.jpeg\" class=\"attachment-large size-large wp-image-5051\" alt=\"\" srcset=\"https:\/\/lockcon.ch\/wp-content\/uploads\/2026\/04\/Pferd.jpeg 370w, https:\/\/lockcon.ch\/wp-content\/uploads\/2026\/04\/Pferd-300x200.jpeg 300w, https:\/\/lockcon.ch\/wp-content\/uploads\/2026\/04\/Pferd-230x154.jpeg 230w, https:\/\/lockcon.ch\/wp-content\/uploads\/2026\/04\/Pferd-350x234.jpeg 350w, https:\/\/lockcon.ch\/wp-content\/uploads\/2026\/04\/Pferd-272x182.jpeg 272w\" sizes=\"(max-width: 370px) 100vw, 370px\" \/>\t\t\t\t\t\t\t\t<\/a>\n\t\t\t\t\t\t\t\t\t\t\t\t\t\t\t<\/div>\n\t\t\t\t<\/div>\n\t\t\t\t\t<\/div>\n\t\t<\/div>\n\t\t\t\t<div class=\"elementor-column elementor-col-50 elementor-top-column elementor-element elementor-element-2d2c3c3\" data-id=\"2d2c3c3\" data-element_type=\"column\">\n\t\t\t<div class=\"elementor-widget-wrap\">\n\t\t\t\t\t\t\t<\/div>\n\t\t<\/div>\n\t\t\t\t\t<\/div>\n\t\t<\/section>\n\t\t\t\t<section class=\"elementor-section elementor-top-section elementor-element elementor-element-516dbed elementor-section-boxed elementor-section-height-default elementor-section-height-default\" data-id=\"516dbed\" data-element_type=\"section\" data-settings=\"{&quot;background_background&quot;:&quot;classic&quot;}\">\n\t\t\t\t\t\t<div class=\"elementor-container elementor-column-gap-default\">\n\t\t\t\t\t<div class=\"elementor-column elementor-col-100 elementor-top-column elementor-element elementor-element-b5f8e9e\" data-id=\"b5f8e9e\" data-element_type=\"column\">\n\t\t\t<div class=\"elementor-widget-wrap elementor-element-populated\">\n\t\t\t\t\t\t<div class=\"elementor-element elementor-element-8ca157a elementor-widget elementor-widget-heading\" data-id=\"8ca157a\" data-element_type=\"widget\" data-widget_type=\"heading.default\">\n\t\t\t\t<div class=\"elementor-widget-container\">\n\t\t\t\t\t<h2 class=\"elementor-heading-title elementor-size-default\">Nutzungsbedingungen<\/h2>\t\t\t\t<\/div>\n\t\t\t\t<\/div>\n\t\t\t\t<div class=\"elementor-element elementor-element-7eb6968 elementor-widget elementor-widget-text-editor\" data-id=\"7eb6968\" data-element_type=\"widget\" data-widget_type=\"text-editor.default\">\n\t\t\t\t<div class=\"elementor-widget-container\">\n\t\t\t\t\t\t\t\t\t<p class=\"p1\"><span class=\"s1\">Nutzungsbedingungen: Die Systeme der LockCon AG sind vor dem Verfallsdatum und genau nach den auf unserer Website ver\u00f6ffentlichten Anweisungen zu verwenden. Verwenden Sie keine besch\u00e4digten, unvollst\u00e4ndigen, abgelaufenen, manipulierten oder anderweitig ungeeigneten Sets oder Komponenten. In keinem Fall haftet die LockCon AG f\u00fcr Sch\u00e4den, die sich aus der Verwendung oder dem Missbrauch ihrer Produkte ergeben.<\/span><\/p><p class=\"p2\"><span class=\"s2\"><a href=\"http:\/\/lockcon.ch\/de\/geschaeftsbedingungen\/\">&gt; Allgemeine Gesch\u00e4ftsbedingungen<\/a><\/span><\/p>\t\t\t\t\t\t\t\t<\/div>\n\t\t\t\t<\/div>\n\t\t\t\t\t<\/div>\n\t\t<\/div>\n\t\t\t\t\t<\/div>\n\t\t<\/section>\n\t\t\t\t<section class=\"elementor-section elementor-top-section elementor-element elementor-element-4b4346ca elementor-section-content-middle elementor-section-boxed elementor-section-height-default elementor-section-height-default\" data-id=\"4b4346ca\" data-element_type=\"section\" data-settings=\"{&quot;background_background&quot;:&quot;classic&quot;}\">\n\t\t\t\t\t\t<div class=\"elementor-container elementor-column-gap-no\">\n\t\t\t\t\t<div class=\"elementor-column elementor-col-100 elementor-top-column elementor-element elementor-element-27ae3ae5\" data-id=\"27ae3ae5\" data-element_type=\"column\">\n\t\t\t<div class=\"elementor-widget-wrap elementor-element-populated\">\n\t\t\t\t\t\t<div class=\"elementor-element elementor-element-3261858e elementor-widget elementor-widget-heading\" data-id=\"3261858e\" data-element_type=\"widget\" data-widget_type=\"heading.default\">\n\t\t\t\t<div class=\"elementor-widget-container\">\n\t\t\t\t\t<h5 class=\"elementor-heading-title elementor-size-default\">Gerne besprechen wir Ihre individuellen Anforderungen<\/h5>\t\t\t\t<\/div>\n\t\t\t\t<\/div>\n\t\t\t\t<div class=\"elementor-element elementor-element-3c1e971e elementor-align-center elementor-widget elementor-widget-button\" data-id=\"3c1e971e\" data-element_type=\"widget\" data-widget_type=\"button.default\">\n\t\t\t\t<div class=\"elementor-widget-container\">\n\t\t\t\t\t\t\t\t\t<div class=\"elementor-button-wrapper\">\n\t\t\t\t\t<a class=\"elementor-button elementor-button-link elementor-size-md elementor-animation-shrink\" href=\"mailto:%20info@lockcon.ch\" target=\"_blank\" id=\"lockcon-id\">\n\t\t\t\t\t\t<span class=\"elementor-button-content-wrapper\">\n\t\t\t\t\t\t\t\t\t<span class=\"elementor-button-text\">KONTAKT<\/span>\n\t\t\t\t\t<\/span>\n\t\t\t\t\t<\/a>\n\t\t\t\t<\/div>\n\t\t\t\t\t\t\t\t<\/div>\n\t\t\t\t<\/div>\n\t\t\t\t\t<\/div>\n\t\t<\/div>\n\t\t\t\t\t<\/div>\n\t\t<\/section>\n\t\t\t\t<\/div>\n\t\t","protected":false},"excerpt":{"rendered":"<p>Verwendung und Anwendung Finden Sie die passende Gebrauchsanweisung W\u00e4hlen Sie Ihr Produkt aus, um die entsprechende Gebrauchsanweisung aufzurufen. Bitte beachten Sie, dass [&hellip;]<\/p>\n","protected":false},"author":1,"featured_media":0,"parent":0,"menu_order":0,"comment_status":"closed","ping_status":"closed","template":"page-templates\/page_front-page.php","meta":{"footnotes":""},"class_list":["post-545","page","type-page","status-publish","hentry"],"_links":{"self":[{"href":"https:\/\/lockcon.ch\/de\/wp-json\/wp\/v2\/pages\/545","targetHints":{"allow":["GET"]}}],"collection":[{"href":"https:\/\/lockcon.ch\/de\/wp-json\/wp\/v2\/pages"}],"about":[{"href":"https:\/\/lockcon.ch\/de\/wp-json\/wp\/v2\/types\/page"}],"author":[{"embeddable":true,"href":"https:\/\/lockcon.ch\/de\/wp-json\/wp\/v2\/users\/1"}],"replies":[{"embeddable":true,"href":"https:\/\/lockcon.ch\/de\/wp-json\/wp\/v2\/comments?post=545"}],"version-history":[{"count":47,"href":"https:\/\/lockcon.ch\/de\/wp-json\/wp\/v2\/pages\/545\/revisions"}],"predecessor-version":[{"id":5055,"href":"https:\/\/lockcon.ch\/de\/wp-json\/wp\/v2\/pages\/545\/revisions\/5055"}],"wp:attachment":[{"href":"https:\/\/lockcon.ch\/de\/wp-json\/wp\/v2\/media?parent=545"}],"curies":[{"name":"wp","href":"https:\/\/api.w.org\/{rel}","templated":true}]}}