{"id":560,"date":"2019-08-14T11:13:41","date_gmt":"2019-08-14T09:13:41","guid":{"rendered":"http:\/\/lockcon.ch\/?page_id=560"},"modified":"2024-12-24T15:12:33","modified_gmt":"2024-12-24T14:12:33","slug":"home","status":"publish","type":"page","link":"https:\/\/lockcon.ch\/de\/","title":{"rendered":"Home"},"content":{"rendered":"\t\t<div data-elementor-type=\"wp-post\" data-elementor-id=\"560\" class=\"elementor elementor-560 elementor-451\" data-elementor-post-type=\"page\">\n\t\t\t\t\t\t<section class=\"elementor-section elementor-top-section elementor-element elementor-element-df99ee4 elementor-section-boxed elementor-section-height-default elementor-section-height-default\" data-id=\"df99ee4\" data-element_type=\"section\">\n\t\t\t\t\t\t<div class=\"elementor-container elementor-column-gap-default\">\n\t\t\t\t\t<div class=\"elementor-column elementor-col-100 elementor-top-column elementor-element elementor-element-6a2adb0\" data-id=\"6a2adb0\" data-element_type=\"column\">\n\t\t\t<div class=\"elementor-widget-wrap\">\n\t\t\t\t\t\t\t<\/div>\n\t\t<\/div>\n\t\t\t\t\t<\/div>\n\t\t<\/section>\n\t\t\t\t<section class=\"elementor-section elementor-top-section elementor-element elementor-element-1b15886 elementor-section-content-middle elementor-section-boxed elementor-section-height-default elementor-section-height-default\" data-id=\"1b15886\" data-element_type=\"section\" data-settings=\"{&quot;background_background&quot;:&quot;classic&quot;}\">\n\t\t\t\t\t\t\t<div class=\"elementor-background-overlay\"><\/div>\n\t\t\t\t\t\t\t<div class=\"elementor-container elementor-column-gap-no\">\n\t\t\t\t\t<div class=\"elementor-column elementor-col-100 elementor-top-column elementor-element elementor-element-e4a2a54\" data-id=\"e4a2a54\" data-element_type=\"column\">\n\t\t\t<div class=\"elementor-widget-wrap elementor-element-populated\">\n\t\t\t\t\t\t<div class=\"elementor-element elementor-element-fba4660 elementor-widget elementor-widget-heading\" data-id=\"fba4660\" data-element_type=\"widget\" data-widget_type=\"heading.default\">\n\t\t\t\t<div class=\"elementor-widget-container\">\n\t\t\t\t\t<h1 class=\"elementor-heading-title elementor-size-default\">Betrugssichere Verpackungsl\u00f6sungen<\/h1>\t\t\t\t<\/div>\n\t\t\t\t<\/div>\n\t\t\t\t<div class=\"elementor-element elementor-element-685bf0f elementor-widget elementor-widget-heading\" data-id=\"685bf0f\" data-element_type=\"widget\" data-widget_type=\"heading.default\">\n\t\t\t\t<div class=\"elementor-widget-container\">\n\t\t\t\t\t<h5 class=\"elementor-heading-title elementor-size-default\">LOCKCON \u2013 TRUST ON<\/h5>\t\t\t\t<\/div>\n\t\t\t\t<\/div>\n\t\t\t\t\t<\/div>\n\t\t<\/div>\n\t\t\t\t\t<\/div>\n\t\t<\/section>\n\t\t\t\t<section class=\"elementor-section elementor-top-section elementor-element elementor-element-842a52f elementor-section-boxed elementor-section-height-default elementor-section-height-default\" data-id=\"842a52f\" data-element_type=\"section\">\n\t\t\t\t\t\t<div class=\"elementor-container elementor-column-gap-default\">\n\t\t\t\t\t<div class=\"elementor-column elementor-col-100 elementor-top-column elementor-element elementor-element-7c5e25b\" data-id=\"7c5e25b\" data-element_type=\"column\">\n\t\t\t<div class=\"elementor-widget-wrap elementor-element-populated\">\n\t\t\t\t\t\t<div class=\"elementor-element elementor-element-184b8fe elementor-widget elementor-widget-image\" data-id=\"184b8fe\" data-element_type=\"widget\" data-widget_type=\"image.default\">\n\t\t\t\t<div class=\"elementor-widget-container\">\n\t\t\t\t\t\t\t\t\t\t\t\t\t\t\t<img fetchpriority=\"high\" decoding=\"async\" width=\"1024\" height=\"484\" src=\"https:\/\/lockcon.ch\/wp-content\/uploads\/2021\/06\/lockcon_kit_startseite6.jpg\" class=\"attachment-large size-large wp-image-2099\" alt=\"\" srcset=\"https:\/\/lockcon.ch\/wp-content\/uploads\/2021\/06\/lockcon_kit_startseite6.jpg 1024w, https:\/\/lockcon.ch\/wp-content\/uploads\/2021\/06\/lockcon_kit_startseite6-300x142.jpg 300w, https:\/\/lockcon.ch\/wp-content\/uploads\/2021\/06\/lockcon_kit_startseite6-768x363.jpg 768w, https:\/\/lockcon.ch\/wp-content\/uploads\/2021\/06\/lockcon_kit_startseite6-830x392.jpg 830w, https:\/\/lockcon.ch\/wp-content\/uploads\/2021\/06\/lockcon_kit_startseite6-230x109.jpg 230w, https:\/\/lockcon.ch\/wp-content\/uploads\/2021\/06\/lockcon_kit_startseite6-350x165.jpg 350w, https:\/\/lockcon.ch\/wp-content\/uploads\/2021\/06\/lockcon_kit_startseite6-480x227.jpg 480w\" sizes=\"(max-width: 1024px) 100vw, 1024px\" \/>\t\t\t\t\t\t\t\t\t\t\t\t\t\t\t<\/div>\n\t\t\t\t<\/div>\n\t\t\t\t\t<\/div>\n\t\t<\/div>\n\t\t\t\t\t<\/div>\n\t\t<\/section>\n\t\t\t\t<section class=\"elementor-section elementor-top-section elementor-element elementor-element-f504689 elementor-section-boxed elementor-section-height-default elementor-section-height-default\" data-id=\"f504689\" data-element_type=\"section\">\n\t\t\t\t\t\t<div class=\"elementor-container elementor-column-gap-default\">\n\t\t\t\t\t<div class=\"elementor-column elementor-col-100 elementor-top-column elementor-element elementor-element-2729453\" data-id=\"2729453\" data-element_type=\"column\">\n\t\t\t<div class=\"elementor-widget-wrap elementor-element-populated\">\n\t\t\t\t\t\t<div class=\"elementor-element elementor-element-85a630a elementor-widget elementor-widget-text-editor\" data-id=\"85a630a\" data-element_type=\"widget\" data-widget_type=\"text-editor.default\">\n\t\t\t\t<div class=\"elementor-widget-container\">\n\t\t\t\t\t\t\t\t\t<p class=\"p1\">Verlassen Sie sich auf unser unkompliziertes System zur sicheren und zuverl\u00e4ssigen Probenentnahme.<br \/>Unser Team von Branchenspezialist*innen versteht Ihre Bed\u00fcrfnisse und bietet Ihnen komplette und integrierte L\u00f6sungen f\u00fcr Ihr Unternehmen. Durch die Einf\u00fchrung der neuesten Standards und Technologien k\u00f6nnen Sie sich entspannt zur\u00fccklehnen, da Sie sicher sein k\u00f6nnen, dass der Probenentnahmeprozess einfach, schnell und zuverl\u00e4ssig ist. Selbstverst\u00e4ndlich sind die Sicherheitsbeh\u00e4lter f\u00fcr Antidopingkontrollen komplett WADA ISTI-konform.<\/p>\t\t\t\t\t\t\t\t<\/div>\n\t\t\t\t<\/div>\n\t\t\t\t\t<\/div>\n\t\t<\/div>\n\t\t\t\t\t<\/div>\n\t\t<\/section>\n\t\t\t\t<section class=\"elementor-section elementor-top-section elementor-element elementor-element-f1fec45 elementor-section-boxed elementor-section-height-default elementor-section-height-default\" data-id=\"f1fec45\" data-element_type=\"section\">\n\t\t\t\t\t\t<div class=\"elementor-container elementor-column-gap-default\">\n\t\t\t\t\t<div class=\"elementor-column elementor-col-33 elementor-top-column elementor-element elementor-element-d25d8cb\" data-id=\"d25d8cb\" data-element_type=\"column\">\n\t\t\t<div class=\"elementor-widget-wrap elementor-element-populated\">\n\t\t\t\t\t\t<div class=\"elementor-element elementor-element-b717673 elementor-widget elementor-widget-image\" data-id=\"b717673\" data-element_type=\"widget\" data-widget_type=\"image.default\">\n\t\t\t\t<div class=\"elementor-widget-container\">\n\t\t\t\t\t\t\t\t\t\t\t\t\t\t\t<img decoding=\"async\" width=\"200\" height=\"200\" src=\"https:\/\/lockcon.ch\/wp-content\/uploads\/2021\/06\/protect-1.svg\" class=\"attachment-full size-full wp-image-2133\" alt=\"\" \/>\t\t\t\t\t\t\t\t\t\t\t\t\t\t\t<\/div>\n\t\t\t\t<\/div>\n\t\t\t\t<div class=\"elementor-element elementor-element-fd7ff2e elementor-widget elementor-widget-heading\" data-id=\"fd7ff2e\" data-element_type=\"widget\" data-widget_type=\"heading.default\">\n\t\t\t\t<div class=\"elementor-widget-container\">\n\t\t\t\t\t<h2 class=\"elementor-heading-title elementor-size-default\">Integrit\u00e4t<\/h2>\t\t\t\t<\/div>\n\t\t\t\t<\/div>\n\t\t\t\t<div class=\"elementor-element elementor-element-63dc0a7 elementor-widget elementor-widget-text-editor\" data-id=\"63dc0a7\" data-element_type=\"widget\" data-widget_type=\"text-editor.default\">\n\t\t\t\t<div class=\"elementor-widget-container\">\n\t\t\t\t\t\t\t\t\t<p>Wir glauben, dass es unsere Verantwortung ist, Sportler*innen vor Doping-Missbrauch zu sch\u00fctzen.<\/p>\t\t\t\t\t\t\t\t<\/div>\n\t\t\t\t<\/div>\n\t\t\t\t\t<\/div>\n\t\t<\/div>\n\t\t\t\t<div class=\"elementor-column elementor-col-33 elementor-top-column elementor-element elementor-element-75ac227\" data-id=\"75ac227\" data-element_type=\"column\">\n\t\t\t<div class=\"elementor-widget-wrap elementor-element-populated\">\n\t\t\t\t\t\t<div class=\"elementor-element elementor-element-ca83a5e elementor-widget elementor-widget-image\" data-id=\"ca83a5e\" data-element_type=\"widget\" data-widget_type=\"image.default\">\n\t\t\t\t<div class=\"elementor-widget-container\">\n\t\t\t\t\t\t\t\t\t\t\t\t\t\t\t<img decoding=\"async\" width=\"199\" height=\"200\" src=\"https:\/\/lockcon.ch\/wp-content\/uploads\/2021\/06\/efficiency-2.svg\" class=\"attachment-full size-full wp-image-2123\" alt=\"\" \/>\t\t\t\t\t\t\t\t\t\t\t\t\t\t\t<\/div>\n\t\t\t\t<\/div>\n\t\t\t\t<div class=\"elementor-element elementor-element-b9e979b elementor-widget elementor-widget-heading\" data-id=\"b9e979b\" data-element_type=\"widget\" data-widget_type=\"heading.default\">\n\t\t\t\t<div class=\"elementor-widget-container\">\n\t\t\t\t\t<h2 class=\"elementor-heading-title elementor-size-default\">Technologie<\/h2>\t\t\t\t<\/div>\n\t\t\t\t<\/div>\n\t\t\t\t<div class=\"elementor-element elementor-element-120ce50 elementor-widget elementor-widget-text-editor\" data-id=\"120ce50\" data-element_type=\"widget\" data-widget_type=\"text-editor.default\">\n\t\t\t\t<div class=\"elementor-widget-container\">\n\t\t\t\t\t\t\t\t\t<p>Unser System\u00fcberwachungsprozess steigert die Effizienz.<\/p>\n\t\t\t\t\t\t\t\t<\/div>\n\t\t\t\t<\/div>\n\t\t\t\t\t<\/div>\n\t\t<\/div>\n\t\t\t\t<div class=\"elementor-column elementor-col-33 elementor-top-column elementor-element elementor-element-ac64e21\" data-id=\"ac64e21\" data-element_type=\"column\">\n\t\t\t<div class=\"elementor-widget-wrap elementor-element-populated\">\n\t\t\t\t\t\t<div class=\"elementor-element elementor-element-633b04c elementor-widget elementor-widget-image\" data-id=\"633b04c\" data-element_type=\"widget\" data-widget_type=\"image.default\">\n\t\t\t\t<div class=\"elementor-widget-container\">\n\t\t\t\t\t\t\t\t\t\t\t\t\t\t\t<img loading=\"lazy\" decoding=\"async\" width=\"142\" height=\"200\" src=\"https:\/\/lockcon.ch\/wp-content\/uploads\/2021\/06\/lock-3.svg\" class=\"attachment-full size-full wp-image-2128\" alt=\"\" \/>\t\t\t\t\t\t\t\t\t\t\t\t\t\t\t<\/div>\n\t\t\t\t<\/div>\n\t\t\t\t<div class=\"elementor-element elementor-element-970821a elementor-widget elementor-widget-heading\" data-id=\"970821a\" data-element_type=\"widget\" data-widget_type=\"heading.default\">\n\t\t\t\t<div class=\"elementor-widget-container\">\n\t\t\t\t\t<h2 class=\"elementor-heading-title elementor-size-default\">Sicherheit<\/h2>\t\t\t\t<\/div>\n\t\t\t\t<\/div>\n\t\t\t\t<div class=\"elementor-element elementor-element-9913cfd elementor-widget elementor-widget-text-editor\" data-id=\"9913cfd\" data-element_type=\"widget\" data-widget_type=\"text-editor.default\">\n\t\t\t\t<div class=\"elementor-widget-container\">\n\t\t\t\t\t\t\t\t\t<p>Alle Proben werden von der Entnahme bis zur Analyse im Labor sorgf\u00e4ltig \u00fcberwacht.<\/p>\n\t\t\t\t\t\t\t\t<\/div>\n\t\t\t\t<\/div>\n\t\t\t\t\t<\/div>\n\t\t<\/div>\n\t\t\t\t\t<\/div>\n\t\t<\/section>\n\t\t\t\t<section class=\"elementor-section elementor-top-section elementor-element elementor-element-9814b01 elementor-section-boxed elementor-section-height-default elementor-section-height-default\" data-id=\"9814b01\" data-element_type=\"section\">\n\t\t\t\t\t\t<div class=\"elementor-container elementor-column-gap-default\">\n\t\t\t\t\t<div class=\"elementor-column elementor-col-100 elementor-top-column elementor-element elementor-element-615b581\" data-id=\"615b581\" data-element_type=\"column\">\n\t\t\t<div class=\"elementor-widget-wrap elementor-element-populated\">\n\t\t\t\t\t\t<div class=\"elementor-element elementor-element-38bb7d8 elementor-widget elementor-widget-spacer\" data-id=\"38bb7d8\" data-element_type=\"widget\" data-widget_type=\"spacer.default\">\n\t\t\t\t<div class=\"elementor-widget-container\">\n\t\t\t\t\t\t\t<div class=\"elementor-spacer\">\n\t\t\t<div class=\"elementor-spacer-inner\"><\/div>\n\t\t<\/div>\n\t\t\t\t\t\t<\/div>\n\t\t\t\t<\/div>\n\t\t\t\t\t<\/div>\n\t\t<\/div>\n\t\t\t\t\t<\/div>\n\t\t<\/section>\n\t\t\t\t<\/div>\n\t\t","protected":false},"excerpt":{"rendered":"<p>Betrugssichere Verpackungsl\u00f6sungen LOCKCON \u2013 TRUST ON Verlassen Sie sich auf unser unkompliziertes System zur sicheren und zuverl\u00e4ssigen Probenentnahme.Unser Team von Branchenspezialist*innen versteht [&hellip;]<\/p>\n","protected":false},"author":1,"featured_media":0,"parent":0,"menu_order":0,"comment_status":"closed","ping_status":"closed","template":"page-templates\/page_front-page.php","meta":{"footnotes":""},"class_list":["post-560","page","type-page","status-publish","hentry"],"_links":{"self":[{"href":"https:\/\/lockcon.ch\/de\/wp-json\/wp\/v2\/pages\/560","targetHints":{"allow":["GET"]}}],"collection":[{"href":"https:\/\/lockcon.ch\/de\/wp-json\/wp\/v2\/pages"}],"about":[{"href":"https:\/\/lockcon.ch\/de\/wp-json\/wp\/v2\/types\/page"}],"author":[{"embeddable":true,"href":"https:\/\/lockcon.ch\/de\/wp-json\/wp\/v2\/users\/1"}],"replies":[{"embeddable":true,"href":"https:\/\/lockcon.ch\/de\/wp-json\/wp\/v2\/comments?post=560"}],"version-history":[{"count":32,"href":"https:\/\/lockcon.ch\/de\/wp-json\/wp\/v2\/pages\/560\/revisions"}],"predecessor-version":[{"id":3837,"href":"https:\/\/lockcon.ch\/de\/wp-json\/wp\/v2\/pages\/560\/revisions\/3837"}],"wp:attachment":[{"href":"https:\/\/lockcon.ch\/de\/wp-json\/wp\/v2\/media?parent=560"}],"curies":[{"name":"wp","href":"https:\/\/api.w.org\/{rel}","templated":true}]}}