{"id":3915,"date":"2025-02-21T14:40:52","date_gmt":"2025-02-21T13:40:52","guid":{"rendered":"https:\/\/lockcon.ch\/?page_id=3915"},"modified":"2025-06-27T18:29:01","modified_gmt":"2025-06-27T16:29:01","slug":"manual-de-uso-klic100","status":"publish","type":"page","link":"https:\/\/lockcon.ch\/es\/manual-de-uso\/manual-de-uso-klic100\/","title":{"rendered":"Manual de uso Klic100"},"content":{"rendered":"\t\t<div data-elementor-type=\"wp-post\" data-elementor-id=\"3915\" class=\"elementor elementor-3915 elementor-3907\" data-elementor-post-type=\"page\">\n\t\t\t\t\t\t<section class=\"elementor-section elementor-top-section elementor-element elementor-element-df99ee4 elementor-section-boxed elementor-section-height-default elementor-section-height-default\" data-id=\"df99ee4\" data-element_type=\"section\">\n\t\t\t\t\t\t<div class=\"elementor-container elementor-column-gap-default\">\n\t\t\t\t\t<div class=\"elementor-column elementor-col-100 elementor-top-column elementor-element elementor-element-6a2adb0\" data-id=\"6a2adb0\" data-element_type=\"column\">\n\t\t\t<div class=\"elementor-widget-wrap\">\n\t\t\t\t\t\t\t<\/div>\n\t\t<\/div>\n\t\t\t\t\t<\/div>\n\t\t<\/section>\n\t\t\t\t<section class=\"elementor-section elementor-top-section elementor-element elementor-element-1b15886 elementor-section-content-middle elementor-section-boxed elementor-section-height-default elementor-section-height-default\" data-id=\"1b15886\" data-element_type=\"section\" data-settings=\"{&quot;background_background&quot;:&quot;classic&quot;}\">\n\t\t\t\t\t\t\t<div class=\"elementor-background-overlay\"><\/div>\n\t\t\t\t\t\t\t<div class=\"elementor-container elementor-column-gap-no\">\n\t\t\t\t\t<div class=\"elementor-column elementor-col-100 elementor-top-column elementor-element elementor-element-e4a2a54\" data-id=\"e4a2a54\" data-element_type=\"column\">\n\t\t\t<div class=\"elementor-widget-wrap elementor-element-populated\">\n\t\t\t\t\t\t<div class=\"elementor-element elementor-element-fba4660 elementor-widget elementor-widget-heading\" data-id=\"fba4660\" data-element_type=\"widget\" data-widget_type=\"heading.default\">\n\t\t\t\t<div class=\"elementor-widget-container\">\n\t\t\t\t\t<h1 class=\"elementor-heading-title elementor-size-default\">Uso y procedimiento Klic100<\/h1>\t\t\t\t<\/div>\n\t\t\t\t<\/div>\n\t\t\t\t\t<\/div>\n\t\t<\/div>\n\t\t\t\t\t<\/div>\n\t\t<\/section>\n\t\t\t\t<section class=\"elementor-section elementor-top-section elementor-element elementor-element-da763c8 elementor-section-boxed elementor-section-height-default elementor-section-height-default\" data-id=\"da763c8\" data-element_type=\"section\" data-settings=\"{&quot;background_background&quot;:&quot;classic&quot;}\">\n\t\t\t\t\t\t<div class=\"elementor-container elementor-column-gap-default\">\n\t\t\t\t\t<div class=\"elementor-column elementor-col-100 elementor-top-column elementor-element elementor-element-ed8e64b\" data-id=\"ed8e64b\" data-element_type=\"column\">\n\t\t\t<div class=\"elementor-widget-wrap elementor-element-populated\">\n\t\t\t\t\t\t<div class=\"elementor-element elementor-element-b45e9ab elementor-widget elementor-widget-heading\" data-id=\"b45e9ab\" data-element_type=\"widget\" data-widget_type=\"heading.default\">\n\t\t\t\t<div class=\"elementor-widget-container\">\n\t\t\t\t\t<h2 class=\"elementor-heading-title elementor-size-default\">V\u00eddeo de instrucciones Klic100 orina<\/h2>\t\t\t\t<\/div>\n\t\t\t\t<\/div>\n\t\t\t\t<div class=\"elementor-element elementor-element-afc9b87 elementor-widget elementor-widget-video\" data-id=\"afc9b87\" data-element_type=\"widget\" data-settings=\"{&quot;video_type&quot;:&quot;hosted&quot;,&quot;controls&quot;:&quot;yes&quot;}\" data-widget_type=\"video.default\">\n\t\t\t\t<div class=\"elementor-widget-container\">\n\t\t\t\t\t\t\t<div class=\"e-hosted-video elementor-wrapper elementor-open-inline\">\n\t\t\t\t\t<video class=\"elementor-video\" src=\"https:\/\/lockcon.ch\/wp-content\/uploads\/2022\/03\/Klic100-Instrucciones-de-uso-Espanol_low.mp4\" controls=\"\" preload=\"metadata\" controlsList=\"nodownload\" poster=\"https:\/\/lockcon.ch\/wp-content\/uploads\/2022\/04\/Klic100-1.png\"><\/video>\n\t\t\t\t<\/div>\n\t\t\t\t\t\t<\/div>\n\t\t\t\t<\/div>\n\t\t\t\t\t<\/div>\n\t\t<\/div>\n\t\t\t\t\t<\/div>\n\t\t<\/section>\n\t\t\t\t<section class=\"elementor-section elementor-top-section elementor-element elementor-element-516dbed elementor-section-boxed elementor-section-height-default elementor-section-height-default\" data-id=\"516dbed\" data-element_type=\"section\" data-settings=\"{&quot;background_background&quot;:&quot;classic&quot;}\">\n\t\t\t\t\t\t<div class=\"elementor-container elementor-column-gap-default\">\n\t\t\t\t\t<div class=\"elementor-column elementor-col-100 elementor-top-column elementor-element elementor-element-b5f8e9e\" data-id=\"b5f8e9e\" data-element_type=\"column\">\n\t\t\t<div class=\"elementor-widget-wrap elementor-element-populated\">\n\t\t\t\t\t\t<div class=\"elementor-element elementor-element-85e57d6 elementor-widget elementor-widget-heading\" data-id=\"85e57d6\" data-element_type=\"widget\" data-widget_type=\"heading.default\">\n\t\t\t\t<div class=\"elementor-widget-container\">\n\t\t\t\t\t<h2 class=\"elementor-heading-title elementor-size-default\">Procedimiento<\/h2>\t\t\t\t<\/div>\n\t\t\t\t<\/div>\n\t\t\t\t<div class=\"elementor-element elementor-element-35b0897 elementor-widget elementor-widget-heading\" data-id=\"35b0897\" data-element_type=\"widget\" data-widget_type=\"heading.default\">\n\t\t\t\t<div class=\"elementor-widget-container\">\n\t\t\t\t\t<h3 class=\"elementor-heading-title elementor-size-default\">Verificar antes de usar<\/h3>\t\t\t\t<\/div>\n\t\t\t\t<\/div>\n\t\t\t\t<div class=\"elementor-element elementor-element-81d5801 elementor-widget elementor-widget-text-editor\" data-id=\"81d5801\" data-element_type=\"widget\" data-widget_type=\"text-editor.default\">\n\t\t\t\t<div class=\"elementor-widget-container\">\n\t\t\t\t\t\t\t\t\t<ol><li class=\"p1\"><span class=\"s1\">Verifique la caja y aseg\u00farese de que la perforaci\u00f3n de la abertura est\u00e9 intacta y completa.<\/span><\/li><li class=\"p1\"><span class=\"s1\">Compruebe que todos los componentes del kit tengan el mismo n\u00famero de indentificaci\u00f3n \u00fanico.<\/span><\/li><\/ol>\t\t\t\t\t\t\t\t<\/div>\n\t\t\t\t<\/div>\n\t\t\t\t<div class=\"elementor-element elementor-element-a513468 elementor-widget elementor-widget-heading\" data-id=\"a513468\" data-element_type=\"widget\" data-widget_type=\"heading.default\">\n\t\t\t\t<div class=\"elementor-widget-container\">\n\t\t\t\t\t<h3 class=\"elementor-heading-title elementor-size-default\">Procedimiento<\/h3>\t\t\t\t<\/div>\n\t\t\t\t<\/div>\n\t\t\t\t<div class=\"elementor-element elementor-element-4e5b76b elementor-widget elementor-widget-text-editor\" data-id=\"4e5b76b\" data-element_type=\"widget\" data-widget_type=\"text-editor.default\">\n\t\t\t\t<div class=\"elementor-widget-container\">\n\t\t\t\t\t\t\t\t\t<ol><li>Abra la caja tirando del sello de\u00a0apertura.<\/li><li>Tire de la lengu\u0308eta para\u00a0levantar el separardor y retire los <span class=\"s1\">recipientes. <\/span>Evite tocar el interior.<\/li><li>Vierta la cantidad solicitadade orina en cada recipiente.Comience con la botella B. Contin\u00fae con la botella A y vi\u00e9rta la cantidad solicitada de orina. 30 ml &#8211; Marca inferior en la etiqueta &#8211; Prueba B 60ml &#8211; Marca superior en la etiqueta &#8211; Prueba A.<\/li><li>Tome la tapa roja y cierre el recipiente con etiqueta roja\u00a0girando en el sentido de las\u00a0manecillas del reloj hasta que se\u00a0escuche un clic.\u00a0Proceda con el recipiente azul de\u00a0la misma manera.<\/li><li>Compruebe que las l\u00edneas de la\u00a0tapa y del recipiente esten\u00a0alineadas. Compruebe de nuevo\u00a0que cada recipiente est\u00e9 sellado\u00a0girando la tapa en sentido\u00a0contrario a las manecillas del\u00a0reloj. Nota: Aseg\u00farese de no\u00a0sobrepasar el volumen m\u00e1ximo\u00a0de llenado indicado.<\/li><li>Tome una bolsa de seguridad\u00a0para cada recipiente y col\u00f3quelos\u00a0dentro de ella. Desprenda la tira blanca de la\u00a0bolsa, presione firmemente para\u00a0cerrarla y sellarla.<\/li><li>Vuelva a colocar los\u00a0recipientes llenos en la caja de\u00a0cart\u00f3n. Para sellar la caja,\u00a0ci\u00e9rrela con los recipientes dentro,\u00a0desprenda la tira blanca y\u00a0presione firmemente para sellarla<\/li><\/ol>\t\t\t\t\t\t\t\t<\/div>\n\t\t\t\t<\/div>\n\t\t\t\t\t<\/div>\n\t\t<\/div>\n\t\t\t\t\t<\/div>\n\t\t<\/section>\n\t\t\t\t<section class=\"elementor-section elementor-top-section elementor-element elementor-element-016a2a3 elementor-section-boxed elementor-section-height-default elementor-section-height-default\" data-id=\"016a2a3\" data-element_type=\"section\" data-settings=\"{&quot;background_background&quot;:&quot;classic&quot;}\">\n\t\t\t\t\t\t<div class=\"elementor-container elementor-column-gap-default\">\n\t\t\t\t\t<div class=\"elementor-column elementor-col-100 elementor-top-column elementor-element elementor-element-af4931f\" data-id=\"af4931f\" data-element_type=\"column\">\n\t\t\t<div class=\"elementor-widget-wrap elementor-element-populated\">\n\t\t\t\t\t\t<div class=\"elementor-element elementor-element-a411f41 elementor-widget elementor-widget-heading\" data-id=\"a411f41\" data-element_type=\"widget\" data-widget_type=\"heading.default\">\n\t\t\t\t<div class=\"elementor-widget-container\">\n\t\t\t\t\t<h3 class=\"elementor-heading-title elementor-size-default\">Muestra parcial<\/h3>\t\t\t\t<\/div>\n\t\t\t\t<\/div>\n\t\t\t\t<div class=\"elementor-element elementor-element-a2bb155 elementor-widget elementor-widget-text-editor\" data-id=\"a2bb155\" data-element_type=\"widget\" data-widget_type=\"text-editor.default\">\n\t\t\t\t<div class=\"elementor-widget-container\">\n\t\t\t\t\t\t\t\t\t<p class=\"p1\">Si no puede proporcionar\u00a0suficiente orina (90 ml) de una\u00a0sola vez, deber\u00e1 sellar de forma\u00a0parcial la orina recolectada.\u00a0Tome una cinta adhesiva de\u00a0seguridad con n\u00famero \u00fanico\u00a0y col\u00f3quela sobre el centro de\u00a0la tapa de rosca cerrada del\u00a0recipiente recolector de orina.\u00a0Presione los lados de la cinta para\u00a0sellar la muestra.<\/p>\t\t\t\t\t\t\t\t<\/div>\n\t\t\t\t<\/div>\n\t\t\t\t\t<\/div>\n\t\t<\/div>\n\t\t\t\t\t<\/div>\n\t\t<\/section>\n\t\t\t\t<section class=\"elementor-section elementor-top-section elementor-element elementor-element-ec79836 elementor-section-boxed elementor-section-height-default elementor-section-height-default\" data-id=\"ec79836\" data-element_type=\"section\" data-settings=\"{&quot;background_background&quot;:&quot;classic&quot;}\">\n\t\t\t\t\t\t<div class=\"elementor-container elementor-column-gap-default\">\n\t\t\t\t\t<div class=\"elementor-column elementor-col-100 elementor-top-column elementor-element elementor-element-ceb92c4\" data-id=\"ceb92c4\" data-element_type=\"column\">\n\t\t\t<div class=\"elementor-widget-wrap elementor-element-populated\">\n\t\t\t\t\t\t<div class=\"elementor-element elementor-element-42972ec elementor-widget elementor-widget-heading\" data-id=\"42972ec\" data-element_type=\"widget\" data-widget_type=\"heading.default\">\n\t\t\t\t<div class=\"elementor-widget-container\">\n\t\t\t\t\t<h2 class=\"elementor-heading-title elementor-size-default\">Condiciones de uso<\/h2>\t\t\t\t<\/div>\n\t\t\t\t<\/div>\n\t\t\t\t<div class=\"elementor-element elementor-element-e2de40d elementor-widget elementor-widget-text-editor\" data-id=\"e2de40d\" data-element_type=\"widget\" data-widget_type=\"text-editor.default\">\n\t\t\t\t<div class=\"elementor-widget-container\">\n\t\t\t\t\t\t\t\t\t<p class=\"p1\">Los sistemas de LockCon Ltd deben utilizarse antes de la fecha de caducidad y exactamente seg\u00fan las instrucciones publicadas en nuestro sitio web. No utilice conjuntos o componentes da\u00f1ados, incompletos, caducados, manipulados o que no sean aptos para su uso. En ning\u00fan caso, LockCon Ltd ser\u00e1 responsable de ning\u00fan da\u00f1o derivado del uso o mal uso de sus productos.<\/p><p class=\"p2\"><span class=\"s2\"><a href=\"https:\/\/lockcon.ch\/es\/terminos-y-condiciones\/\">&gt; Terminos Generales y Condiciones<\/a><\/span><\/p>\t\t\t\t\t\t\t\t<\/div>\n\t\t\t\t<\/div>\n\t\t\t\t\t<\/div>\n\t\t<\/div>\n\t\t\t\t\t<\/div>\n\t\t<\/section>\n\t\t\t\t<section class=\"elementor-section elementor-top-section elementor-element elementor-element-4b4346ca elementor-section-content-middle elementor-section-boxed elementor-section-height-default elementor-section-height-default\" data-id=\"4b4346ca\" data-element_type=\"section\" data-settings=\"{&quot;background_background&quot;:&quot;classic&quot;}\">\n\t\t\t\t\t\t<div class=\"elementor-container elementor-column-gap-no\">\n\t\t\t\t\t<div class=\"elementor-column elementor-col-100 elementor-top-column elementor-element elementor-element-27ae3ae5\" data-id=\"27ae3ae5\" data-element_type=\"column\">\n\t\t\t<div class=\"elementor-widget-wrap elementor-element-populated\">\n\t\t\t\t\t\t<div class=\"elementor-element elementor-element-3261858e elementor-widget elementor-widget-heading\" data-id=\"3261858e\" data-element_type=\"widget\" data-widget_type=\"heading.default\">\n\t\t\t\t<div class=\"elementor-widget-container\">\n\t\t\t\t\t<h5 class=\"elementor-heading-title elementor-size-default\">Por favor, cont\u00e1ctenos para cualquier pregunta adicional.\n<\/h5>\t\t\t\t<\/div>\n\t\t\t\t<\/div>\n\t\t\t\t<div class=\"elementor-element elementor-element-3c1e971e elementor-align-center elementor-widget elementor-widget-button\" data-id=\"3c1e971e\" data-element_type=\"widget\" data-widget_type=\"button.default\">\n\t\t\t\t<div class=\"elementor-widget-container\">\n\t\t\t\t\t\t\t\t\t<div class=\"elementor-button-wrapper\">\n\t\t\t\t\t<a class=\"elementor-button elementor-button-link elementor-size-md elementor-animation-shrink\" href=\"mailto:%20info@lockcon.ch\" target=\"_blank\" id=\"lockcon-id\">\n\t\t\t\t\t\t<span class=\"elementor-button-content-wrapper\">\n\t\t\t\t\t\t\t\t\t<span class=\"elementor-button-text\">CONTACTO<\/span>\n\t\t\t\t\t<\/span>\n\t\t\t\t\t<\/a>\n\t\t\t\t<\/div>\n\t\t\t\t\t\t\t\t<\/div>\n\t\t\t\t<\/div>\n\t\t\t\t\t<\/div>\n\t\t<\/div>\n\t\t\t\t\t<\/div>\n\t\t<\/section>\n\t\t\t\t<\/div>\n\t\t","protected":false},"excerpt":{"rendered":"<p>Uso y procedimiento Klic100 V\u00eddeo de instrucciones Klic100 orina https:\/\/lockcon.ch\/wp-content\/uploads\/2022\/03\/Klic100-Instrucciones-de-uso-Espanol_low.mp4 Procedimiento Verificar antes de usar Verifique la caja y aseg\u00farese de que [&hellip;]<\/p>\n","protected":false},"author":2,"featured_media":0,"parent":744,"menu_order":0,"comment_status":"closed","ping_status":"closed","template":"page-templates\/page_front-page.php","meta":{"footnotes":""},"class_list":["post-3915","page","type-page","status-publish","hentry"],"_links":{"self":[{"href":"https:\/\/lockcon.ch\/es\/wp-json\/wp\/v2\/pages\/3915","targetHints":{"allow":["GET"]}}],"collection":[{"href":"https:\/\/lockcon.ch\/es\/wp-json\/wp\/v2\/pages"}],"about":[{"href":"https:\/\/lockcon.ch\/es\/wp-json\/wp\/v2\/types\/page"}],"author":[{"embeddable":true,"href":"https:\/\/lockcon.ch\/es\/wp-json\/wp\/v2\/users\/2"}],"replies":[{"embeddable":true,"href":"https:\/\/lockcon.ch\/es\/wp-json\/wp\/v2\/comments?post=3915"}],"version-history":[{"count":32,"href":"https:\/\/lockcon.ch\/es\/wp-json\/wp\/v2\/pages\/3915\/revisions"}],"predecessor-version":[{"id":4376,"href":"https:\/\/lockcon.ch\/es\/wp-json\/wp\/v2\/pages\/3915\/revisions\/4376"}],"up":[{"embeddable":true,"href":"https:\/\/lockcon.ch\/es\/wp-json\/wp\/v2\/pages\/744"}],"wp:attachment":[{"href":"https:\/\/lockcon.ch\/es\/wp-json\/wp\/v2\/media?parent=3915"}],"curies":[{"name":"wp","href":"https:\/\/api.w.org\/{rel}","templated":true}]}}