{"id":4101,"date":"2025-03-25T08:18:40","date_gmt":"2025-03-25T07:18:40","guid":{"rendered":"https:\/\/lockcon.ch\/?page_id=4101"},"modified":"2025-06-27T18:31:58","modified_gmt":"2025-06-27T16:31:58","slug":"manual-de-uso-klic150","status":"publish","type":"page","link":"https:\/\/lockcon.ch\/es\/manual-de-uso\/manual-de-uso-klic150\/","title":{"rendered":"Manual de uso Klic150"},"content":{"rendered":"\t\t<div data-elementor-type=\"wp-post\" data-elementor-id=\"4101\" class=\"elementor elementor-4101 elementor-4085\" data-elementor-post-type=\"page\">\n\t\t\t\t\t\t<section class=\"elementor-section elementor-top-section elementor-element elementor-element-df99ee4 elementor-section-boxed elementor-section-height-default elementor-section-height-default\" data-id=\"df99ee4\" data-element_type=\"section\">\n\t\t\t\t\t\t<div class=\"elementor-container elementor-column-gap-default\">\n\t\t\t\t\t<div class=\"elementor-column elementor-col-100 elementor-top-column elementor-element elementor-element-6a2adb0\" data-id=\"6a2adb0\" data-element_type=\"column\">\n\t\t\t<div class=\"elementor-widget-wrap\">\n\t\t\t\t\t\t\t<\/div>\n\t\t<\/div>\n\t\t\t\t\t<\/div>\n\t\t<\/section>\n\t\t\t\t<section class=\"elementor-section elementor-top-section elementor-element elementor-element-1b15886 elementor-section-content-middle elementor-section-boxed elementor-section-height-default elementor-section-height-default\" data-id=\"1b15886\" data-element_type=\"section\" data-settings=\"{&quot;background_background&quot;:&quot;classic&quot;}\">\n\t\t\t\t\t\t\t<div class=\"elementor-background-overlay\"><\/div>\n\t\t\t\t\t\t\t<div class=\"elementor-container elementor-column-gap-no\">\n\t\t\t\t\t<div class=\"elementor-column elementor-col-100 elementor-top-column elementor-element elementor-element-e4a2a54\" data-id=\"e4a2a54\" data-element_type=\"column\">\n\t\t\t<div class=\"elementor-widget-wrap elementor-element-populated\">\n\t\t\t\t\t\t<div class=\"elementor-element elementor-element-fba4660 elementor-widget elementor-widget-heading\" data-id=\"fba4660\" data-element_type=\"widget\" data-widget_type=\"heading.default\">\n\t\t\t\t<div class=\"elementor-widget-container\">\n\t\t\t\t\t<h1 class=\"elementor-heading-title elementor-size-default\">Uso y procedimiento Klic150<\/h1>\t\t\t\t<\/div>\n\t\t\t\t<\/div>\n\t\t\t\t\t<\/div>\n\t\t<\/div>\n\t\t\t\t\t<\/div>\n\t\t<\/section>\n\t\t\t\t<section class=\"elementor-section elementor-top-section elementor-element elementor-element-da763c8 elementor-section-boxed elementor-section-height-default elementor-section-height-default\" data-id=\"da763c8\" data-element_type=\"section\" data-settings=\"{&quot;background_background&quot;:&quot;classic&quot;}\">\n\t\t\t\t\t\t<div class=\"elementor-container elementor-column-gap-default\">\n\t\t\t\t\t<div class=\"elementor-column elementor-col-100 elementor-top-column elementor-element elementor-element-ed8e64b\" data-id=\"ed8e64b\" data-element_type=\"column\">\n\t\t\t<div class=\"elementor-widget-wrap elementor-element-populated\">\n\t\t\t\t\t\t<div class=\"elementor-element elementor-element-b45e9ab elementor-widget elementor-widget-heading\" data-id=\"b45e9ab\" data-element_type=\"widget\" data-widget_type=\"heading.default\">\n\t\t\t\t<div class=\"elementor-widget-container\">\n\t\t\t\t\t<h2 class=\"elementor-heading-title elementor-size-default\">LockCon Klic150<\/h2>\t\t\t\t<\/div>\n\t\t\t\t<\/div>\n\t\t\t\t<div class=\"elementor-element elementor-element-f832e80 elementor-widget elementor-widget-image\" data-id=\"f832e80\" data-element_type=\"widget\" data-widget_type=\"image.default\">\n\t\t\t\t<div class=\"elementor-widget-container\">\n\t\t\t\t\t\t\t\t\t\t\t\t\t\t\t<img fetchpriority=\"high\" decoding=\"async\" width=\"1024\" height=\"723\" src=\"https:\/\/lockcon.ch\/wp-content\/uploads\/2025\/03\/Klic150.jpg\" class=\"attachment-large size-large wp-image-4077\" alt=\"Lockcon Klic150\" srcset=\"https:\/\/lockcon.ch\/wp-content\/uploads\/2025\/03\/Klic150.jpg 1024w, https:\/\/lockcon.ch\/wp-content\/uploads\/2025\/03\/Klic150-300x212.jpg 300w, https:\/\/lockcon.ch\/wp-content\/uploads\/2025\/03\/Klic150-768x542.jpg 768w, https:\/\/lockcon.ch\/wp-content\/uploads\/2025\/03\/Klic150-830x586.jpg 830w, https:\/\/lockcon.ch\/wp-content\/uploads\/2025\/03\/Klic150-230x162.jpg 230w, https:\/\/lockcon.ch\/wp-content\/uploads\/2025\/03\/Klic150-350x247.jpg 350w, https:\/\/lockcon.ch\/wp-content\/uploads\/2025\/03\/Klic150-480x339.jpg 480w\" sizes=\"(max-width: 1024px) 100vw, 1024px\" \/>\t\t\t\t\t\t\t\t\t\t\t\t\t\t\t<\/div>\n\t\t\t\t<\/div>\n\t\t\t\t\t<\/div>\n\t\t<\/div>\n\t\t\t\t\t<\/div>\n\t\t<\/section>\n\t\t\t\t<section class=\"elementor-section elementor-top-section elementor-element elementor-element-516dbed elementor-section-boxed elementor-section-height-default elementor-section-height-default\" data-id=\"516dbed\" data-element_type=\"section\" data-settings=\"{&quot;background_background&quot;:&quot;classic&quot;}\">\n\t\t\t\t\t\t<div class=\"elementor-container elementor-column-gap-default\">\n\t\t\t\t\t<div class=\"elementor-column elementor-col-100 elementor-top-column elementor-element elementor-element-b5f8e9e\" data-id=\"b5f8e9e\" data-element_type=\"column\">\n\t\t\t<div class=\"elementor-widget-wrap elementor-element-populated\">\n\t\t\t\t\t\t<div class=\"elementor-element elementor-element-85e57d6 elementor-widget elementor-widget-heading\" data-id=\"85e57d6\" data-element_type=\"widget\" data-widget_type=\"heading.default\">\n\t\t\t\t<div class=\"elementor-widget-container\">\n\t\t\t\t\t<h2 class=\"elementor-heading-title elementor-size-default\">Procedimiento<\/h2>\t\t\t\t<\/div>\n\t\t\t\t<\/div>\n\t\t\t\t<div class=\"elementor-element elementor-element-35b0897 elementor-widget elementor-widget-heading\" data-id=\"35b0897\" data-element_type=\"widget\" data-widget_type=\"heading.default\">\n\t\t\t\t<div class=\"elementor-widget-container\">\n\t\t\t\t\t<h3 class=\"elementor-heading-title elementor-size-default\">Verificar antes de usar<\/h3>\t\t\t\t<\/div>\n\t\t\t\t<\/div>\n\t\t\t\t<div class=\"elementor-element elementor-element-81d5801 elementor-widget elementor-widget-text-editor\" data-id=\"81d5801\" data-element_type=\"widget\" data-widget_type=\"text-editor.default\">\n\t\t\t\t<div class=\"elementor-widget-container\">\n\t\t\t\t\t\t\t\t\t<ol><li class=\"p1\"><span class=\"s1\">Verifique la caja y aseg\u00farese de que la perforaci\u00f3n de la abertura est\u00e9 intacta y completa.<\/span><\/li><li class=\"p1\"><span class=\"s1\">Compruebe que todos los componentes del kit tengan el mismo n\u00famero de indentificaci\u00f3n \u00fanico.<\/span><\/li><\/ol>\t\t\t\t\t\t\t\t<\/div>\n\t\t\t\t<\/div>\n\t\t\t\t<div class=\"elementor-element elementor-element-a513468 elementor-widget elementor-widget-heading\" data-id=\"a513468\" data-element_type=\"widget\" data-widget_type=\"heading.default\">\n\t\t\t\t<div class=\"elementor-widget-container\">\n\t\t\t\t\t<h3 class=\"elementor-heading-title elementor-size-default\">Procedimiento<\/h3>\t\t\t\t<\/div>\n\t\t\t\t<\/div>\n\t\t\t\t<div class=\"elementor-element elementor-element-4e5b76b elementor-widget elementor-widget-text-editor\" data-id=\"4e5b76b\" data-element_type=\"widget\" data-widget_type=\"text-editor.default\">\n\t\t\t\t<div class=\"elementor-widget-container\">\n\t\t\t\t\t\t\t\t\t<ol><li>Abra la caja tirando del sello de\u00a0apertura.<\/li><li>Saque los recipientes y retire la\u00a0tapa girando en el sentido\u00a0contrario de las manecillas del\u00a0<span class=\"s1\">reloj. <\/span>Evite tocar el interior.<\/li><li>Despu\u00e9s de recolectar la orina,\u00a0vi\u00e9rtala en los recipientes A y B\u00a0como se indica.\u00a0Aseg\u00farese de no sobrepasar la\u00a0l\u00ednea de volumen m\u00e1ximo de\u00a0llenado.<\/li><li>Tome la tapa roja y cierre el\u00a0recipiente rojo en el sentido de\u00a0las manecillas del reloj.\u00a0Proceda de la misma manera\u00a0con el recipiente azul hasta que\u00a0se escuche un clic.<\/li><li>Compruebe que la l\u00ednea de la\u00a0tapa y del recipiente est\u00e9n\u00a0alineadas como se muestra.\u00a0Vuelva a comprobar si el\u00a0recipiente est\u00e1 sellado girando la\u00a0tapa en el sentido contrario a las\u00a0manecillas del reloj.<\/li><li>Tome una bolsa herm\u00e9tica y\u00a0coloque el reicpiente cerrado\u00a0dentro de ella. Aseg\u00farese de que\u00a0cada bolsa tenga un paquete\u00a0absorbente.\u00a0Desprenda la tira blanca de la\u00a0bolsa.\u00a0Presione firmemente para\u00a0cerrarla nuevamente y sellarla.\u00a0Realice el mismo procedimiento\u00a0con el otro recipiente.<\/li><li>Vuelva a colocar los recipientes\u00a0dentro de las bolsas en la caja de\u00a0cart\u00f3n. Cierre la caja y localice la\u00a0tira en la pesta\u00f1a para cerrarla.<\/li><li>Retire la tira tirando de ella\u00a0desde la esquina como se\u00a0muestra.\u00a0Para sellar la caja, presione\u00a0firmemente de adentro hacia\u00a0afuera.<\/li><\/ol>\t\t\t\t\t\t\t\t<\/div>\n\t\t\t\t<\/div>\n\t\t\t\t\t<\/div>\n\t\t<\/div>\n\t\t\t\t\t<\/div>\n\t\t<\/section>\n\t\t\t\t<section class=\"elementor-section elementor-top-section elementor-element elementor-element-ec79836 elementor-section-boxed elementor-section-height-default elementor-section-height-default\" data-id=\"ec79836\" data-element_type=\"section\" data-settings=\"{&quot;background_background&quot;:&quot;classic&quot;}\">\n\t\t\t\t\t\t<div class=\"elementor-container elementor-column-gap-default\">\n\t\t\t\t\t<div class=\"elementor-column elementor-col-100 elementor-top-column elementor-element elementor-element-ceb92c4\" data-id=\"ceb92c4\" data-element_type=\"column\">\n\t\t\t<div class=\"elementor-widget-wrap elementor-element-populated\">\n\t\t\t\t\t\t<div class=\"elementor-element elementor-element-42972ec elementor-widget elementor-widget-heading\" data-id=\"42972ec\" data-element_type=\"widget\" data-widget_type=\"heading.default\">\n\t\t\t\t<div class=\"elementor-widget-container\">\n\t\t\t\t\t<h2 class=\"elementor-heading-title elementor-size-default\">Condiciones de uso<\/h2>\t\t\t\t<\/div>\n\t\t\t\t<\/div>\n\t\t\t\t<div class=\"elementor-element elementor-element-e2de40d elementor-widget elementor-widget-text-editor\" data-id=\"e2de40d\" data-element_type=\"widget\" data-widget_type=\"text-editor.default\">\n\t\t\t\t<div class=\"elementor-widget-container\">\n\t\t\t\t\t\t\t\t\t<p class=\"p1\">Los sistemas de LockCon Ltd deben utilizarse antes de la fecha de caducidad y exactamente seg\u00fan las instrucciones publicadas en nuestro sitio web. No utilice conjuntos o componentes da\u00f1ados, incompletos, caducados, manipulados o que no sean aptos para su uso. En ning\u00fan caso, LockCon Ltd ser\u00e1 responsable de ning\u00fan da\u00f1o derivado del uso o mal uso de sus productos.<\/p><p class=\"p2\"><span class=\"s2\"><a href=\"https:\/\/lockcon.ch\/es\/terminos-y-condiciones\/\">&gt; Terminos Generales y Condiciones<\/a><\/span><\/p>\t\t\t\t\t\t\t\t<\/div>\n\t\t\t\t<\/div>\n\t\t\t\t\t<\/div>\n\t\t<\/div>\n\t\t\t\t\t<\/div>\n\t\t<\/section>\n\t\t\t\t<section class=\"elementor-section elementor-top-section elementor-element elementor-element-4b4346ca elementor-section-content-middle elementor-section-boxed elementor-section-height-default elementor-section-height-default\" data-id=\"4b4346ca\" data-element_type=\"section\" data-settings=\"{&quot;background_background&quot;:&quot;classic&quot;}\">\n\t\t\t\t\t\t<div class=\"elementor-container elementor-column-gap-no\">\n\t\t\t\t\t<div class=\"elementor-column elementor-col-100 elementor-top-column elementor-element elementor-element-27ae3ae5\" data-id=\"27ae3ae5\" data-element_type=\"column\">\n\t\t\t<div class=\"elementor-widget-wrap elementor-element-populated\">\n\t\t\t\t\t\t<div class=\"elementor-element elementor-element-3261858e elementor-widget elementor-widget-heading\" data-id=\"3261858e\" data-element_type=\"widget\" data-widget_type=\"heading.default\">\n\t\t\t\t<div class=\"elementor-widget-container\">\n\t\t\t\t\t<h5 class=\"elementor-heading-title elementor-size-default\">Por favor, cont\u00e1ctenos para cualquier pregunta adicional.<\/h5>\t\t\t\t<\/div>\n\t\t\t\t<\/div>\n\t\t\t\t<div class=\"elementor-element elementor-element-3c1e971e elementor-align-center elementor-widget elementor-widget-button\" data-id=\"3c1e971e\" data-element_type=\"widget\" data-widget_type=\"button.default\">\n\t\t\t\t<div class=\"elementor-widget-container\">\n\t\t\t\t\t\t\t\t\t<div class=\"elementor-button-wrapper\">\n\t\t\t\t\t<a class=\"elementor-button elementor-button-link elementor-size-md elementor-animation-shrink\" href=\"mailto:%20info@lockcon.ch\" target=\"_blank\" id=\"lockcon-id\">\n\t\t\t\t\t\t<span class=\"elementor-button-content-wrapper\">\n\t\t\t\t\t\t\t\t\t<span class=\"elementor-button-text\">CONTACTO<\/span>\n\t\t\t\t\t<\/span>\n\t\t\t\t\t<\/a>\n\t\t\t\t<\/div>\n\t\t\t\t\t\t\t\t<\/div>\n\t\t\t\t<\/div>\n\t\t\t\t\t<\/div>\n\t\t<\/div>\n\t\t\t\t\t<\/div>\n\t\t<\/section>\n\t\t\t\t<section class=\"elementor-section elementor-top-section elementor-element elementor-element-4911d85 elementor-section-boxed elementor-section-height-default elementor-section-height-default\" data-id=\"4911d85\" data-element_type=\"section\">\n\t\t\t\t\t\t<div class=\"elementor-container elementor-column-gap-default\">\n\t\t\t\t\t<div class=\"elementor-column elementor-col-100 elementor-top-column elementor-element elementor-element-140a9a3\" data-id=\"140a9a3\" data-element_type=\"column\">\n\t\t\t<div class=\"elementor-widget-wrap\">\n\t\t\t\t\t\t\t<\/div>\n\t\t<\/div>\n\t\t\t\t\t<\/div>\n\t\t<\/section>\n\t\t\t\t<\/div>\n\t\t","protected":false},"excerpt":{"rendered":"<p>Uso y procedimiento Klic150 LockCon Klic150 Procedimiento Verificar antes de usar Verifique la caja y aseg\u00farese de que la perforaci\u00f3n de la [&hellip;]<\/p>\n","protected":false},"author":2,"featured_media":0,"parent":744,"menu_order":0,"comment_status":"closed","ping_status":"closed","template":"page-templates\/page_front-page.php","meta":{"footnotes":""},"class_list":["post-4101","page","type-page","status-publish","hentry"],"_links":{"self":[{"href":"https:\/\/lockcon.ch\/es\/wp-json\/wp\/v2\/pages\/4101","targetHints":{"allow":["GET"]}}],"collection":[{"href":"https:\/\/lockcon.ch\/es\/wp-json\/wp\/v2\/pages"}],"about":[{"href":"https:\/\/lockcon.ch\/es\/wp-json\/wp\/v2\/types\/page"}],"author":[{"embeddable":true,"href":"https:\/\/lockcon.ch\/es\/wp-json\/wp\/v2\/users\/2"}],"replies":[{"embeddable":true,"href":"https:\/\/lockcon.ch\/es\/wp-json\/wp\/v2\/comments?post=4101"}],"version-history":[{"count":17,"href":"https:\/\/lockcon.ch\/es\/wp-json\/wp\/v2\/pages\/4101\/revisions"}],"predecessor-version":[{"id":4379,"href":"https:\/\/lockcon.ch\/es\/wp-json\/wp\/v2\/pages\/4101\/revisions\/4379"}],"up":[{"embeddable":true,"href":"https:\/\/lockcon.ch\/es\/wp-json\/wp\/v2\/pages\/744"}],"wp:attachment":[{"href":"https:\/\/lockcon.ch\/es\/wp-json\/wp\/v2\/media?parent=4101"}],"curies":[{"name":"wp","href":"https:\/\/api.w.org\/{rel}","templated":true}]}}