{"id":744,"date":"2019-08-16T10:16:11","date_gmt":"2019-08-16T08:16:11","guid":{"rendered":"http:\/\/lockcon.ch\/?page_id=744"},"modified":"2025-06-27T17:49:06","modified_gmt":"2025-06-27T15:49:06","slug":"manual-de-uso","status":"publish","type":"page","link":"https:\/\/lockcon.ch\/es\/manual-de-uso\/","title":{"rendered":"Manual de uso"},"content":{"rendered":"\t\t<div data-elementor-type=\"wp-post\" data-elementor-id=\"744\" class=\"elementor elementor-744 elementor-209\" data-elementor-post-type=\"page\">\n\t\t\t\t\t\t<section class=\"elementor-section elementor-top-section elementor-element elementor-element-df99ee4 elementor-section-boxed elementor-section-height-default elementor-section-height-default\" data-id=\"df99ee4\" data-element_type=\"section\">\n\t\t\t\t\t\t<div class=\"elementor-container elementor-column-gap-default\">\n\t\t\t\t\t<div class=\"elementor-column elementor-col-100 elementor-top-column elementor-element elementor-element-6a2adb0\" data-id=\"6a2adb0\" data-element_type=\"column\">\n\t\t\t<div class=\"elementor-widget-wrap\">\n\t\t\t\t\t\t\t<\/div>\n\t\t<\/div>\n\t\t\t\t\t<\/div>\n\t\t<\/section>\n\t\t\t\t<section class=\"elementor-section elementor-top-section elementor-element elementor-element-1b15886 elementor-section-content-middle elementor-section-boxed elementor-section-height-default elementor-section-height-default\" data-id=\"1b15886\" data-element_type=\"section\" data-settings=\"{&quot;background_background&quot;:&quot;classic&quot;}\">\n\t\t\t\t\t\t\t<div class=\"elementor-background-overlay\"><\/div>\n\t\t\t\t\t\t\t<div class=\"elementor-container elementor-column-gap-no\">\n\t\t\t\t\t<div class=\"elementor-column elementor-col-100 elementor-top-column elementor-element elementor-element-e4a2a54\" data-id=\"e4a2a54\" data-element_type=\"column\">\n\t\t\t<div class=\"elementor-widget-wrap elementor-element-populated\">\n\t\t\t\t\t\t<div class=\"elementor-element elementor-element-fba4660 elementor-widget elementor-widget-heading\" data-id=\"fba4660\" data-element_type=\"widget\" data-widget_type=\"heading.default\">\n\t\t\t\t<div class=\"elementor-widget-container\">\n\t\t\t\t\t<h4 class=\"elementor-heading-title elementor-size-default\">Uso y procedimiento<\/h4>\t\t\t\t<\/div>\n\t\t\t\t<\/div>\n\t\t\t\t\t<\/div>\n\t\t<\/div>\n\t\t\t\t\t<\/div>\n\t\t<\/section>\n\t\t\t\t<section class=\"elementor-section elementor-top-section elementor-element elementor-element-7cfb260 elementor-section-boxed elementor-section-height-default elementor-section-height-default\" data-id=\"7cfb260\" data-element_type=\"section\" data-settings=\"{&quot;background_background&quot;:&quot;classic&quot;}\">\n\t\t\t\t\t\t<div class=\"elementor-container elementor-column-gap-default\">\n\t\t\t\t\t<div class=\"elementor-column elementor-col-100 elementor-top-column elementor-element elementor-element-ff6a5c1\" data-id=\"ff6a5c1\" data-element_type=\"column\">\n\t\t\t<div class=\"elementor-widget-wrap elementor-element-populated\">\n\t\t\t\t\t\t<div class=\"elementor-element elementor-element-e75776c elementor-widget elementor-widget-heading\" data-id=\"e75776c\" data-element_type=\"widget\" data-widget_type=\"heading.default\">\n\t\t\t\t<div class=\"elementor-widget-container\">\n\t\t\t\t\t<h2 class=\"elementor-heading-title elementor-size-default\">Obt\u00e9n las pautas de manejo adecuadas<\/h2>\t\t\t\t<\/div>\n\t\t\t\t<\/div>\n\t\t\t\t<div class=\"elementor-element elementor-element-22a3127 elementor-widget elementor-widget-text-editor\" data-id=\"22a3127\" data-element_type=\"widget\" data-widget_type=\"text-editor.default\">\n\t\t\t\t<div class=\"elementor-widget-container\">\n\t\t\t\t\t\t\t\t\t<p class=\"\" data-start=\"40\" data-end=\"147\">Selecciona tu producto para acceder al manual correspondiente.<\/p><p class=\"\" data-start=\"149\" data-end=\"252\">Ten en cuenta que las instrucciones se aplican solo al uso del kit, no al contenido que vas a llenar.<\/p><p class=\"\" data-start=\"254\" data-end=\"380\">\u00bfNecesitas una gu\u00eda personalizada o una traducci\u00f3n a otro idioma? No dudes en contactarnos, \u00a1estamos encantados de ayudarte!<\/p>\t\t\t\t\t\t\t\t<\/div>\n\t\t\t\t<\/div>\n\t\t\t\t\t<\/div>\n\t\t<\/div>\n\t\t\t\t\t<\/div>\n\t\t<\/section>\n\t\t\t\t<section class=\"elementor-section elementor-top-section elementor-element elementor-element-a262c59 elementor-section-boxed elementor-section-height-default elementor-section-height-default\" data-id=\"a262c59\" data-element_type=\"section\" data-settings=\"{&quot;background_background&quot;:&quot;classic&quot;}\">\n\t\t\t\t\t\t<div class=\"elementor-container elementor-column-gap-default\">\n\t\t\t\t\t<div class=\"elementor-column elementor-col-50 elementor-top-column elementor-element elementor-element-cbf2b93\" data-id=\"cbf2b93\" data-element_type=\"column\">\n\t\t\t<div class=\"elementor-widget-wrap elementor-element-populated\">\n\t\t\t\t\t\t<div class=\"elementor-element elementor-element-9adc93e elementor-widget elementor-widget-heading\" data-id=\"9adc93e\" data-element_type=\"widget\" data-widget_type=\"heading.default\">\n\t\t\t\t<div class=\"elementor-widget-container\">\n\t\t\t\t\t<h2 class=\"elementor-heading-title elementor-size-default\"><a href=\"https:\/\/lockcon.ch\/es\/manual-de-uso\/handlingguidelines-klic100\/\">Klic100 Orina<\/a><\/h2>\t\t\t\t<\/div>\n\t\t\t\t<\/div>\n\t\t\t\t<div class=\"elementor-element elementor-element-14c73a8 elementor-widget elementor-widget-image\" data-id=\"14c73a8\" data-element_type=\"widget\" data-widget_type=\"image.default\">\n\t\t\t\t<div class=\"elementor-widget-container\">\n\t\t\t\t\t\t\t\t\t\t\t\t\t\t\t\t<a href=\"https:\/\/lockcon.ch\/es\/manual-de-uso\/handlingguidelines-klic100\/\">\n\t\t\t\t\t\t\t<img fetchpriority=\"high\" decoding=\"async\" width=\"1024\" height=\"683\" src=\"https:\/\/lockcon.ch\/wp-content\/uploads\/2025\/03\/lockcon_klic100-gold_complete-1024x683.jpg\" class=\"attachment-large size-large wp-image-4185\" alt=\"\" srcset=\"https:\/\/lockcon.ch\/wp-content\/uploads\/2025\/03\/lockcon_klic100-gold_complete-1024x683.jpg 1024w, https:\/\/lockcon.ch\/wp-content\/uploads\/2025\/03\/lockcon_klic100-gold_complete-300x200.jpg 300w, https:\/\/lockcon.ch\/wp-content\/uploads\/2025\/03\/lockcon_klic100-gold_complete-768x512.jpg 768w, https:\/\/lockcon.ch\/wp-content\/uploads\/2025\/03\/lockcon_klic100-gold_complete-830x553.jpg 830w, https:\/\/lockcon.ch\/wp-content\/uploads\/2025\/03\/lockcon_klic100-gold_complete-230x153.jpg 230w, https:\/\/lockcon.ch\/wp-content\/uploads\/2025\/03\/lockcon_klic100-gold_complete-350x233.jpg 350w, https:\/\/lockcon.ch\/wp-content\/uploads\/2025\/03\/lockcon_klic100-gold_complete-480x320.jpg 480w, https:\/\/lockcon.ch\/wp-content\/uploads\/2025\/03\/lockcon_klic100-gold_complete-272x182.jpg 272w, https:\/\/lockcon.ch\/wp-content\/uploads\/2025\/03\/lockcon_klic100-gold_complete.jpg 1200w\" sizes=\"(max-width: 1024px) 100vw, 1024px\" \/>\t\t\t\t\t\t\t\t<\/a>\n\t\t\t\t\t\t\t\t\t\t\t\t\t\t\t<\/div>\n\t\t\t\t<\/div>\n\t\t\t\t\t<\/div>\n\t\t<\/div>\n\t\t\t\t<div class=\"elementor-column elementor-col-50 elementor-top-column elementor-element elementor-element-0d5b330\" data-id=\"0d5b330\" data-element_type=\"column\">\n\t\t\t<div class=\"elementor-widget-wrap elementor-element-populated\">\n\t\t\t\t\t\t<div class=\"elementor-element elementor-element-4c2456a elementor-widget elementor-widget-heading\" data-id=\"4c2456a\" data-element_type=\"widget\" data-widget_type=\"heading.default\">\n\t\t\t\t<div class=\"elementor-widget-container\">\n\t\t\t\t\t<h2 class=\"elementor-heading-title elementor-size-default\"><a href=\"https:\/\/lockcon.ch\/es\/manual-de-uso\/handlingguidelines-klic10\/\">Klic10 Sangre<\/a><\/h2>\t\t\t\t<\/div>\n\t\t\t\t<\/div>\n\t\t\t\t<div class=\"elementor-element elementor-element-c409c10 elementor-widget elementor-widget-image\" data-id=\"c409c10\" data-element_type=\"widget\" data-widget_type=\"image.default\">\n\t\t\t\t<div class=\"elementor-widget-container\">\n\t\t\t\t\t\t\t\t\t\t\t\t\t\t\t\t<a href=\"https:\/\/lockcon.ch\/es\/manual-de-uso\/handlingguidelines-klic10\/\">\n\t\t\t\t\t\t\t<img decoding=\"async\" width=\"1024\" height=\"683\" src=\"https:\/\/lockcon.ch\/wp-content\/uploads\/2025\/03\/lockcon_klic10-gold-1024x683.jpg\" class=\"attachment-large size-large wp-image-4190\" alt=\"\" srcset=\"https:\/\/lockcon.ch\/wp-content\/uploads\/2025\/03\/lockcon_klic10-gold-1024x683.jpg 1024w, https:\/\/lockcon.ch\/wp-content\/uploads\/2025\/03\/lockcon_klic10-gold-300x200.jpg 300w, https:\/\/lockcon.ch\/wp-content\/uploads\/2025\/03\/lockcon_klic10-gold-768x512.jpg 768w, https:\/\/lockcon.ch\/wp-content\/uploads\/2025\/03\/lockcon_klic10-gold-830x553.jpg 830w, https:\/\/lockcon.ch\/wp-content\/uploads\/2025\/03\/lockcon_klic10-gold-230x153.jpg 230w, https:\/\/lockcon.ch\/wp-content\/uploads\/2025\/03\/lockcon_klic10-gold-350x233.jpg 350w, https:\/\/lockcon.ch\/wp-content\/uploads\/2025\/03\/lockcon_klic10-gold-480x320.jpg 480w, https:\/\/lockcon.ch\/wp-content\/uploads\/2025\/03\/lockcon_klic10-gold-272x182.jpg 272w, https:\/\/lockcon.ch\/wp-content\/uploads\/2025\/03\/lockcon_klic10-gold.jpg 1200w\" sizes=\"(max-width: 1024px) 100vw, 1024px\" \/>\t\t\t\t\t\t\t\t<\/a>\n\t\t\t\t\t\t\t\t\t\t\t\t\t\t\t<\/div>\n\t\t\t\t<\/div>\n\t\t\t\t\t<\/div>\n\t\t<\/div>\n\t\t\t\t\t<\/div>\n\t\t<\/section>\n\t\t\t\t<section class=\"elementor-section elementor-top-section elementor-element elementor-element-6b2aed9 elementor-section-boxed elementor-section-height-default elementor-section-height-default\" data-id=\"6b2aed9\" data-element_type=\"section\" data-settings=\"{&quot;background_background&quot;:&quot;classic&quot;}\">\n\t\t\t\t\t\t<div class=\"elementor-container elementor-column-gap-default\">\n\t\t\t\t\t<div class=\"elementor-column elementor-col-50 elementor-top-column elementor-element elementor-element-3c9d166\" data-id=\"3c9d166\" data-element_type=\"column\">\n\t\t\t<div class=\"elementor-widget-wrap elementor-element-populated\">\n\t\t\t\t\t\t<div class=\"elementor-element elementor-element-e119fb6 elementor-widget elementor-widget-heading\" data-id=\"e119fb6\" data-element_type=\"widget\" data-widget_type=\"heading.default\">\n\t\t\t\t<div class=\"elementor-widget-container\">\n\t\t\t\t\t<h2 class=\"elementor-heading-title elementor-size-default\"><a href=\"https:\/\/lockcon.ch\/es\/manual-de-uso\/handlingguidelines-klic150\/\">Klic150 Orina<\/a><\/h2>\t\t\t\t<\/div>\n\t\t\t\t<\/div>\n\t\t\t\t<div class=\"elementor-element elementor-element-e2f5ca7 elementor-widget elementor-widget-image\" data-id=\"e2f5ca7\" data-element_type=\"widget\" data-widget_type=\"image.default\">\n\t\t\t\t<div class=\"elementor-widget-container\">\n\t\t\t\t\t\t\t\t\t\t\t\t\t\t\t\t<a href=\"https:\/\/lockcon.ch\/es\/manual-de-uso\/handlingguidelines-klic150\/\">\n\t\t\t\t\t\t\t<img decoding=\"async\" width=\"1024\" height=\"683\" src=\"https:\/\/lockcon.ch\/wp-content\/uploads\/2025\/03\/lockcon_klic150-1024x683.jpg\" class=\"attachment-large size-large wp-image-4195\" alt=\"\" srcset=\"https:\/\/lockcon.ch\/wp-content\/uploads\/2025\/03\/lockcon_klic150-1024x683.jpg 1024w, https:\/\/lockcon.ch\/wp-content\/uploads\/2025\/03\/lockcon_klic150-300x200.jpg 300w, https:\/\/lockcon.ch\/wp-content\/uploads\/2025\/03\/lockcon_klic150-768x512.jpg 768w, https:\/\/lockcon.ch\/wp-content\/uploads\/2025\/03\/lockcon_klic150-830x553.jpg 830w, https:\/\/lockcon.ch\/wp-content\/uploads\/2025\/03\/lockcon_klic150-230x153.jpg 230w, https:\/\/lockcon.ch\/wp-content\/uploads\/2025\/03\/lockcon_klic150-350x233.jpg 350w, https:\/\/lockcon.ch\/wp-content\/uploads\/2025\/03\/lockcon_klic150-480x320.jpg 480w, https:\/\/lockcon.ch\/wp-content\/uploads\/2025\/03\/lockcon_klic150-272x182.jpg 272w, https:\/\/lockcon.ch\/wp-content\/uploads\/2025\/03\/lockcon_klic150.jpg 1200w\" sizes=\"(max-width: 1024px) 100vw, 1024px\" \/>\t\t\t\t\t\t\t\t<\/a>\n\t\t\t\t\t\t\t\t\t\t\t\t\t\t\t<\/div>\n\t\t\t\t<\/div>\n\t\t\t\t\t<\/div>\n\t\t<\/div>\n\t\t\t\t<div class=\"elementor-column elementor-col-50 elementor-top-column elementor-element elementor-element-0bd95c1\" data-id=\"0bd95c1\" data-element_type=\"column\">\n\t\t\t<div class=\"elementor-widget-wrap elementor-element-populated\">\n\t\t\t\t\t\t<div class=\"elementor-element elementor-element-b409d2b elementor-widget elementor-widget-heading\" data-id=\"b409d2b\" data-element_type=\"widget\" data-widget_type=\"heading.default\">\n\t\t\t\t<div class=\"elementor-widget-container\">\n\t\t\t\t\t<h2 class=\"elementor-heading-title elementor-size-default\"><a href=\"https:\/\/lockcon.ch\/es\/manual-de-uso\/handlingguidelines-klic185\/\">Klic185 Sangre<\/a><\/h2>\t\t\t\t<\/div>\n\t\t\t\t<\/div>\n\t\t\t\t<div class=\"elementor-element elementor-element-8c042c6 elementor-widget elementor-widget-image\" data-id=\"8c042c6\" data-element_type=\"widget\" data-widget_type=\"image.default\">\n\t\t\t\t<div class=\"elementor-widget-container\">\n\t\t\t\t\t\t\t\t\t\t\t\t\t\t\t\t<a href=\"https:\/\/lockcon.ch\/es\/manual-de-uso\/handlingguidelines-klic185\/\">\n\t\t\t\t\t\t\t<img loading=\"lazy\" decoding=\"async\" width=\"1024\" height=\"683\" src=\"https:\/\/lockcon.ch\/wp-content\/uploads\/2025\/03\/lockcon_klic185-1-1024x683.jpg\" class=\"attachment-large size-large wp-image-4200\" alt=\"\" srcset=\"https:\/\/lockcon.ch\/wp-content\/uploads\/2025\/03\/lockcon_klic185-1-1024x683.jpg 1024w, https:\/\/lockcon.ch\/wp-content\/uploads\/2025\/03\/lockcon_klic185-1-300x200.jpg 300w, https:\/\/lockcon.ch\/wp-content\/uploads\/2025\/03\/lockcon_klic185-1-768x512.jpg 768w, https:\/\/lockcon.ch\/wp-content\/uploads\/2025\/03\/lockcon_klic185-1-830x553.jpg 830w, https:\/\/lockcon.ch\/wp-content\/uploads\/2025\/03\/lockcon_klic185-1-230x153.jpg 230w, https:\/\/lockcon.ch\/wp-content\/uploads\/2025\/03\/lockcon_klic185-1-350x233.jpg 350w, https:\/\/lockcon.ch\/wp-content\/uploads\/2025\/03\/lockcon_klic185-1-480x320.jpg 480w, https:\/\/lockcon.ch\/wp-content\/uploads\/2025\/03\/lockcon_klic185-1-272x182.jpg 272w, https:\/\/lockcon.ch\/wp-content\/uploads\/2025\/03\/lockcon_klic185-1.jpg 1200w\" sizes=\"(max-width: 1024px) 100vw, 1024px\" \/>\t\t\t\t\t\t\t\t<\/a>\n\t\t\t\t\t\t\t\t\t\t\t\t\t\t\t<\/div>\n\t\t\t\t<\/div>\n\t\t\t\t\t<\/div>\n\t\t<\/div>\n\t\t\t\t\t<\/div>\n\t\t<\/section>\n\t\t\t\t<section class=\"elementor-section elementor-top-section elementor-element elementor-element-ac4af65 elementor-section-boxed elementor-section-height-default elementor-section-height-default\" data-id=\"ac4af65\" data-element_type=\"section\" data-settings=\"{&quot;background_background&quot;:&quot;classic&quot;}\">\n\t\t\t\t\t\t<div class=\"elementor-container elementor-column-gap-default\">\n\t\t\t\t\t<div class=\"elementor-column elementor-col-100 elementor-top-column elementor-element elementor-element-da2256f\" data-id=\"da2256f\" data-element_type=\"column\">\n\t\t\t<div class=\"elementor-widget-wrap elementor-element-populated\">\n\t\t\t\t\t\t<div class=\"elementor-element elementor-element-a35ef3a elementor-widget elementor-widget-heading\" data-id=\"a35ef3a\" data-element_type=\"widget\" data-widget_type=\"heading.default\">\n\t\t\t\t<div class=\"elementor-widget-container\">\n\t\t\t\t\t<h2 class=\"elementor-heading-title elementor-size-default\">Condiciones de uso<\/h2>\t\t\t\t<\/div>\n\t\t\t\t<\/div>\n\t\t\t\t<div class=\"elementor-element elementor-element-99ef3fc elementor-widget elementor-widget-text-editor\" data-id=\"99ef3fc\" data-element_type=\"widget\" data-widget_type=\"text-editor.default\">\n\t\t\t\t<div class=\"elementor-widget-container\">\n\t\t\t\t\t\t\t\t\t<p class=\"p1\">Los sistemas de LockCon Ltd deben utilizarse antes de la fecha de caducidad y exactamente seg\u00fan las instrucciones publicadas en nuestro sitio web. No utilice conjuntos o componentes da\u00f1ados, incompletos, caducados, manipulados o que no sean aptos para su uso. En ning\u00fan caso, LockCon Ltd ser\u00e1 responsable de ning\u00fan da\u00f1o derivado del uso o mal uso de sus productos.<\/p><p class=\"p2\"><span class=\"s2\"><a href=\"http:\/\/lockcon.ch\/es\/terminos-y-condiciones\/\">&gt; Terminos Generales y Condiciones<\/a><\/span><\/p>\t\t\t\t\t\t\t\t<\/div>\n\t\t\t\t<\/div>\n\t\t\t\t\t<\/div>\n\t\t<\/div>\n\t\t\t\t\t<\/div>\n\t\t<\/section>\n\t\t\t\t<section class=\"elementor-section elementor-top-section elementor-element elementor-element-4b4346ca elementor-section-content-middle elementor-section-boxed elementor-section-height-default elementor-section-height-default\" data-id=\"4b4346ca\" data-element_type=\"section\" data-settings=\"{&quot;background_background&quot;:&quot;classic&quot;}\">\n\t\t\t\t\t\t<div class=\"elementor-container elementor-column-gap-no\">\n\t\t\t\t\t<div class=\"elementor-column elementor-col-100 elementor-top-column elementor-element elementor-element-27ae3ae5\" data-id=\"27ae3ae5\" data-element_type=\"column\">\n\t\t\t<div class=\"elementor-widget-wrap elementor-element-populated\">\n\t\t\t\t\t\t<div class=\"elementor-element elementor-element-3261858e elementor-widget elementor-widget-heading\" data-id=\"3261858e\" data-element_type=\"widget\" data-widget_type=\"heading.default\">\n\t\t\t\t<div class=\"elementor-widget-container\">\n\t\t\t\t\t<h5 class=\"elementor-heading-title elementor-size-default\">Por favor, cont\u00e1ctenos para cualquier pregunta adicional. <\/h5>\t\t\t\t<\/div>\n\t\t\t\t<\/div>\n\t\t\t\t<div class=\"elementor-element elementor-element-3c1e971e elementor-align-center elementor-widget elementor-widget-button\" data-id=\"3c1e971e\" data-element_type=\"widget\" data-widget_type=\"button.default\">\n\t\t\t\t<div class=\"elementor-widget-container\">\n\t\t\t\t\t\t\t\t\t<div class=\"elementor-button-wrapper\">\n\t\t\t\t\t<a class=\"elementor-button elementor-button-link elementor-size-md elementor-animation-shrink\" href=\"mailto:%20info@lockcon.ch\" target=\"_blank\" id=\"lockcon-id\">\n\t\t\t\t\t\t<span class=\"elementor-button-content-wrapper\">\n\t\t\t\t\t\t\t\t\t<span class=\"elementor-button-text\">CONTACTO<\/span>\n\t\t\t\t\t<\/span>\n\t\t\t\t\t<\/a>\n\t\t\t\t<\/div>\n\t\t\t\t\t\t\t\t<\/div>\n\t\t\t\t<\/div>\n\t\t\t\t\t<\/div>\n\t\t<\/div>\n\t\t\t\t\t<\/div>\n\t\t<\/section>\n\t\t\t\t<\/div>\n\t\t","protected":false},"excerpt":{"rendered":"<p>Uso y procedimiento Obt\u00e9n las pautas de manejo adecuadas Selecciona tu producto para acceder al manual correspondiente. Ten en cuenta que las [&hellip;]<\/p>\n","protected":false},"author":1,"featured_media":0,"parent":0,"menu_order":0,"comment_status":"closed","ping_status":"closed","template":"page-templates\/page_front-page.php","meta":{"footnotes":""},"class_list":["post-744","page","type-page","status-publish","hentry"],"_links":{"self":[{"href":"https:\/\/lockcon.ch\/es\/wp-json\/wp\/v2\/pages\/744","targetHints":{"allow":["GET"]}}],"collection":[{"href":"https:\/\/lockcon.ch\/es\/wp-json\/wp\/v2\/pages"}],"about":[{"href":"https:\/\/lockcon.ch\/es\/wp-json\/wp\/v2\/types\/page"}],"author":[{"embeddable":true,"href":"https:\/\/lockcon.ch\/es\/wp-json\/wp\/v2\/users\/1"}],"replies":[{"embeddable":true,"href":"https:\/\/lockcon.ch\/es\/wp-json\/wp\/v2\/comments?post=744"}],"version-history":[{"count":43,"href":"https:\/\/lockcon.ch\/es\/wp-json\/wp\/v2\/pages\/744\/revisions"}],"predecessor-version":[{"id":4370,"href":"https:\/\/lockcon.ch\/es\/wp-json\/wp\/v2\/pages\/744\/revisions\/4370"}],"wp:attachment":[{"href":"https:\/\/lockcon.ch\/es\/wp-json\/wp\/v2\/media?parent=744"}],"curies":[{"name":"wp","href":"https:\/\/api.w.org\/{rel}","templated":true}]}}