{"id":3982,"date":"2025-02-24T15:34:21","date_gmt":"2025-02-24T14:34:21","guid":{"rendered":"https:\/\/lockcon.ch\/?page_id=3982"},"modified":"2025-06-27T18:25:24","modified_gmt":"2025-06-27T16:25:24","slug":"utilisation-application-klic10","status":"publish","type":"page","link":"https:\/\/lockcon.ch\/fr\/utilisation-application\/utilisation-application-klic10\/","title":{"rendered":"Utilisation\/Application Klic10"},"content":{"rendered":"\t\t<div data-elementor-type=\"wp-post\" data-elementor-id=\"3982\" class=\"elementor elementor-3982 elementor-3979\" data-elementor-post-type=\"page\">\n\t\t\t\t\t\t<section class=\"elementor-section elementor-top-section elementor-element elementor-element-df99ee4 elementor-section-boxed elementor-section-height-default elementor-section-height-default\" data-id=\"df99ee4\" data-element_type=\"section\">\n\t\t\t\t\t\t<div class=\"elementor-container elementor-column-gap-default\">\n\t\t\t\t\t<div class=\"elementor-column elementor-col-100 elementor-top-column elementor-element elementor-element-6a2adb0\" data-id=\"6a2adb0\" data-element_type=\"column\">\n\t\t\t<div class=\"elementor-widget-wrap\">\n\t\t\t\t\t\t\t<\/div>\n\t\t<\/div>\n\t\t\t\t\t<\/div>\n\t\t<\/section>\n\t\t\t\t<section class=\"elementor-section elementor-top-section elementor-element elementor-element-1b15886 elementor-section-content-middle elementor-section-boxed elementor-section-height-default elementor-section-height-default\" data-id=\"1b15886\" data-element_type=\"section\" data-settings=\"{&quot;background_background&quot;:&quot;classic&quot;}\">\n\t\t\t\t\t\t\t<div class=\"elementor-background-overlay\"><\/div>\n\t\t\t\t\t\t\t<div class=\"elementor-container elementor-column-gap-no\">\n\t\t\t\t\t<div class=\"elementor-column elementor-col-100 elementor-top-column elementor-element elementor-element-e4a2a54\" data-id=\"e4a2a54\" data-element_type=\"column\">\n\t\t\t<div class=\"elementor-widget-wrap elementor-element-populated\">\n\t\t\t\t\t\t<div class=\"elementor-element elementor-element-fba4660 elementor-widget elementor-widget-heading\" data-id=\"fba4660\" data-element_type=\"widget\" data-widget_type=\"heading.default\">\n\t\t\t\t<div class=\"elementor-widget-container\">\n\t\t\t\t\t<h1 class=\"elementor-heading-title elementor-size-default\">Utilisation et application Klic10<\/h1>\t\t\t\t<\/div>\n\t\t\t\t<\/div>\n\t\t\t\t\t<\/div>\n\t\t<\/div>\n\t\t\t\t\t<\/div>\n\t\t<\/section>\n\t\t\t\t<section class=\"elementor-section elementor-top-section elementor-element elementor-element-173a89a elementor-section-boxed elementor-section-height-default elementor-section-height-default\" data-id=\"173a89a\" data-element_type=\"section\" data-settings=\"{&quot;background_background&quot;:&quot;classic&quot;}\">\n\t\t\t\t\t\t<div class=\"elementor-container elementor-column-gap-default\">\n\t\t\t\t\t<div class=\"elementor-column elementor-col-100 elementor-top-column elementor-element elementor-element-d81586e\" data-id=\"d81586e\" data-element_type=\"column\">\n\t\t\t<div class=\"elementor-widget-wrap elementor-element-populated\">\n\t\t\t\t\t\t<div class=\"elementor-element elementor-element-3e7fcfe elementor-widget elementor-widget-heading\" data-id=\"3e7fcfe\" data-element_type=\"widget\" data-widget_type=\"heading.default\">\n\t\t\t\t<div class=\"elementor-widget-container\">\n\t\t\t\t\t<h2 class=\"elementor-heading-title elementor-size-default\">Vid\u00e9o d'instruction Klic10 sang<\/h2>\t\t\t\t<\/div>\n\t\t\t\t<\/div>\n\t\t\t\t<div class=\"elementor-element elementor-element-21e6d9d elementor-widget elementor-widget-video\" data-id=\"21e6d9d\" data-element_type=\"widget\" data-settings=\"{&quot;video_type&quot;:&quot;hosted&quot;,&quot;controls&quot;:&quot;yes&quot;}\" data-widget_type=\"video.default\">\n\t\t\t\t<div class=\"elementor-widget-container\">\n\t\t\t\t\t\t\t<div class=\"e-hosted-video elementor-wrapper elementor-open-inline\">\n\t\t\t\t\t<video class=\"elementor-video\" src=\"https:\/\/lockcon.ch\/wp-content\/uploads\/2022\/03\/Klic10-Blood-Test-Instructions-English-low.mp4\" controls=\"\" preload=\"metadata\" controlsList=\"nodownload\" poster=\"https:\/\/lockcon.ch\/wp-content\/uploads\/2022\/04\/Klic10-1.png\"><\/video>\n\t\t\t\t<\/div>\n\t\t\t\t\t\t<\/div>\n\t\t\t\t<\/div>\n\t\t\t\t\t<\/div>\n\t\t<\/div>\n\t\t\t\t\t<\/div>\n\t\t<\/section>\n\t\t\t\t<section class=\"elementor-section elementor-top-section elementor-element elementor-element-516dbed elementor-section-boxed elementor-section-height-default elementor-section-height-default\" data-id=\"516dbed\" data-element_type=\"section\" data-settings=\"{&quot;background_background&quot;:&quot;classic&quot;}\">\n\t\t\t\t\t\t<div class=\"elementor-container elementor-column-gap-default\">\n\t\t\t\t\t<div class=\"elementor-column elementor-col-100 elementor-top-column elementor-element elementor-element-b5f8e9e\" data-id=\"b5f8e9e\" data-element_type=\"column\">\n\t\t\t<div class=\"elementor-widget-wrap elementor-element-populated\">\n\t\t\t\t\t\t<div class=\"elementor-element elementor-element-85e57d6 elementor-widget elementor-widget-heading\" data-id=\"85e57d6\" data-element_type=\"widget\" data-widget_type=\"heading.default\">\n\t\t\t\t<div class=\"elementor-widget-container\">\n\t\t\t\t\t<h2 class=\"elementor-heading-title elementor-size-default\">D\u00e9roulement<\/h2>\t\t\t\t<\/div>\n\t\t\t\t<\/div>\n\t\t\t\t<div class=\"elementor-element elementor-element-35b0897 elementor-widget elementor-widget-heading\" data-id=\"35b0897\" data-element_type=\"widget\" data-widget_type=\"heading.default\">\n\t\t\t\t<div class=\"elementor-widget-container\">\n\t\t\t\t\t<h3 class=\"elementor-heading-title elementor-size-default\">Avant l'utilisation\n<\/h3>\t\t\t\t<\/div>\n\t\t\t\t<\/div>\n\t\t\t\t<div class=\"elementor-element elementor-element-81d5801 elementor-widget elementor-widget-text-editor\" data-id=\"81d5801\" data-element_type=\"widget\" data-widget_type=\"text-editor.default\">\n\t\t\t\t<div class=\"elementor-widget-container\">\n\t\t\t\t\t\t\t\t\t<ol><li class=\"p1\"><span class=\"s1\">Contr\u00f4lez que la perforation d\u2019ouverture de l\u2019emballage est intacte et compl\u00e8te.<\/span><\/li><li class=\"p1\"><span class=\"s1\">V\u00e9rifiez que tous les composants du kit ont le m\u00eame num\u00e9ro d\u2019identification unique<\/span><\/li><\/ol>\t\t\t\t\t\t\t\t<\/div>\n\t\t\t\t<\/div>\n\t\t\t\t<div class=\"elementor-element elementor-element-a513468 elementor-widget elementor-widget-heading\" data-id=\"a513468\" data-element_type=\"widget\" data-widget_type=\"heading.default\">\n\t\t\t\t<div class=\"elementor-widget-container\">\n\t\t\t\t\t<h3 class=\"elementor-heading-title elementor-size-default\">Pendant l\u2019utilisation<\/h3>\t\t\t\t<\/div>\n\t\t\t\t<\/div>\n\t\t\t\t<div class=\"elementor-element elementor-element-4e5b76b elementor-widget elementor-widget-text-editor\" data-id=\"4e5b76b\" data-element_type=\"widget\" data-widget_type=\"text-editor.default\">\n\t\t\t\t<div class=\"elementor-widget-container\">\n\t\t\t\t\t\t\t\t\t<ol><li>Ouvrez la bo\u00eete en tirant sur la perforation de d\u00e9chirure sur la face avant de la bo\u00eete.<\/li><li>Sortez les flacons et les bouchons.<\/li><li>Une fois le sang pr\u00e9lev\u00e9, placez l\u2018\u00e9tiquette \u00e0 code-barres sur le tube.<\/li><li>Placez un tube de sang collect\u00e9 dans chacun des flacons (A et B).<\/li><li>Fermez les flacons en tournant le bouchon dans le sens des\u00a0aiguilles d\u2019une montre jusqu\u2019\u00e0 ce que vous entendiez un clic.<\/li><li>V\u00e9rifiez que les lignes sur le bouchon et le flacon sont align\u00e9es. V\u00e9rifiez qu\u2018il est bien scell\u00e9 en tournant le bouchon dans le sens inverse des aiguilles d\u2018une montre.<\/li><li>Mettez chaque flacon s\u00e9par\u00e9ment dans un sachet \u00e9tanche. D\u00e9tachez la languette blanche et fermez le sachet en pressant fermement.<\/li><li>Placez le kit emball\u00e9 dans une glaci\u00e8re pr\u00e9par\u00e9e \/ Si vous le souhaitez, vous pouvez r\u00e9utiliser la bo\u00eete en carton.<\/li><\/ol>\t\t\t\t\t\t\t\t<\/div>\n\t\t\t\t<\/div>\n\t\t\t\t\t<\/div>\n\t\t<\/div>\n\t\t\t\t\t<\/div>\n\t\t<\/section>\n\t\t\t\t<section class=\"elementor-section elementor-top-section elementor-element elementor-element-016a2a3 elementor-section-boxed elementor-section-height-default elementor-section-height-default\" data-id=\"016a2a3\" data-element_type=\"section\" data-settings=\"{&quot;background_background&quot;:&quot;classic&quot;}\">\n\t\t\t\t\t\t<div class=\"elementor-container elementor-column-gap-default\">\n\t\t\t\t\t<div class=\"elementor-column elementor-col-100 elementor-top-column elementor-element elementor-element-af4931f\" data-id=\"af4931f\" data-element_type=\"column\">\n\t\t\t<div class=\"elementor-widget-wrap elementor-element-populated\">\n\t\t\t\t\t\t<div class=\"elementor-element elementor-element-a411f41 elementor-widget elementor-widget-heading\" data-id=\"a411f41\" data-element_type=\"widget\" data-widget_type=\"heading.default\">\n\t\t\t\t<div class=\"elementor-widget-container\">\n\t\t\t\t\t<h3 class=\"elementor-heading-title elementor-size-default\">Contr\u00f4le de la temp\u00e9rature<\/h3>\t\t\t\t<\/div>\n\t\t\t\t<\/div>\n\t\t\t\t<div class=\"elementor-element elementor-element-a2bb155 elementor-widget elementor-widget-text-editor\" data-id=\"a2bb155\" data-element_type=\"widget\" data-widget_type=\"text-editor.default\">\n\t\t\t\t<div class=\"elementor-widget-container\">\n\t\t\t\t\t\t\t\t\t<p class=\"p2\">Pour contr\u00f4ler la temp\u00e9rature du kit, de l\u2019emballage \u00e0 l\u2019arriv\u00e9e au laboratoire, vous pouvez utiliser le Libero CL ou le Libero CS.<\/p>\t\t\t\t\t\t\t\t<\/div>\n\t\t\t\t<\/div>\n\t\t\t\t\t<\/div>\n\t\t<\/div>\n\t\t\t\t\t<\/div>\n\t\t<\/section>\n\t\t\t\t<section class=\"elementor-section elementor-top-section elementor-element elementor-element-ec79836 elementor-section-boxed elementor-section-height-default elementor-section-height-default\" data-id=\"ec79836\" data-element_type=\"section\" data-settings=\"{&quot;background_background&quot;:&quot;classic&quot;}\">\n\t\t\t\t\t\t<div class=\"elementor-container elementor-column-gap-default\">\n\t\t\t\t\t<div class=\"elementor-column elementor-col-100 elementor-top-column elementor-element elementor-element-ceb92c4\" data-id=\"ceb92c4\" data-element_type=\"column\">\n\t\t\t<div class=\"elementor-widget-wrap elementor-element-populated\">\n\t\t\t\t\t\t<div class=\"elementor-element elementor-element-42972ec elementor-widget elementor-widget-heading\" data-id=\"42972ec\" data-element_type=\"widget\" data-widget_type=\"heading.default\">\n\t\t\t\t<div class=\"elementor-widget-container\">\n\t\t\t\t\t<h2 class=\"elementor-heading-title elementor-size-default\">Conditions d'utilisation<\/h2>\t\t\t\t<\/div>\n\t\t\t\t<\/div>\n\t\t\t\t<div class=\"elementor-element elementor-element-e2de40d elementor-widget elementor-widget-text-editor\" data-id=\"e2de40d\" data-element_type=\"widget\" data-widget_type=\"text-editor.default\">\n\t\t\t\t<div class=\"elementor-widget-container\">\n\t\t\t\t\t\t\t\t\t<p class=\"p1\"><span class=\"s1\">Conditions d\u2019utilisation : Les syst\u00e8mes de LockCon SA doivent \u00eatre utilis\u00e9s avant la date d\u2019expiration et conform\u00e9ment aux instructions publi\u00e9es sur notre site Internet. N\u2019utilisez aucuns kits ou composants endommag\u00e9s, incomplets, p\u00e9rim\u00e9s, alt\u00e9r\u00e9s ou inadapt\u00e9s. LockCon SA n\u2019est en aucun cas responsable de quelconques<span class=\"Apple-converted-space\">\u00a0\u00a0<\/span>dommages r\u00e9sultant de l\u2019emploi ou de la mauvaise utilisation de ses produits.<\/span><\/p><p class=\"p2\"><span class=\"s2\"><a href=\"https:\/\/lockcon.ch\/fr\/conditions-generales-de-vente\/\">&gt; Conditions G\u00e9n\u00e9rales de Vente<\/a><\/span><\/p>\t\t\t\t\t\t\t\t<\/div>\n\t\t\t\t<\/div>\n\t\t\t\t\t<\/div>\n\t\t<\/div>\n\t\t\t\t\t<\/div>\n\t\t<\/section>\n\t\t\t\t<section class=\"elementor-section elementor-top-section elementor-element elementor-element-4b4346ca elementor-section-content-middle elementor-section-boxed elementor-section-height-default elementor-section-height-default\" data-id=\"4b4346ca\" data-element_type=\"section\" data-settings=\"{&quot;background_background&quot;:&quot;classic&quot;}\">\n\t\t\t\t\t\t<div class=\"elementor-container elementor-column-gap-no\">\n\t\t\t\t\t<div class=\"elementor-column elementor-col-100 elementor-top-column elementor-element elementor-element-27ae3ae5\" data-id=\"27ae3ae5\" data-element_type=\"column\">\n\t\t\t<div class=\"elementor-widget-wrap elementor-element-populated\">\n\t\t\t\t\t\t<div class=\"elementor-element elementor-element-3261858e elementor-widget elementor-widget-heading\" data-id=\"3261858e\" data-element_type=\"widget\" data-widget_type=\"heading.default\">\n\t\t\t\t<div class=\"elementor-widget-container\">\n\t\t\t\t\t<h5 class=\"elementor-heading-title elementor-size-default\">Nous nous ferons un plaisir de discuter de vos besoins individuels<\/h5>\t\t\t\t<\/div>\n\t\t\t\t<\/div>\n\t\t\t\t<div class=\"elementor-element elementor-element-3c1e971e elementor-align-center elementor-widget elementor-widget-button\" data-id=\"3c1e971e\" data-element_type=\"widget\" data-widget_type=\"button.default\">\n\t\t\t\t<div class=\"elementor-widget-container\">\n\t\t\t\t\t\t\t\t\t<div class=\"elementor-button-wrapper\">\n\t\t\t\t\t<a class=\"elementor-button elementor-button-link elementor-size-md elementor-animation-shrink\" href=\"mailto:%20info@lockcon.ch\" target=\"_blank\" id=\"lockcon-id\">\n\t\t\t\t\t\t<span class=\"elementor-button-content-wrapper\">\n\t\t\t\t\t\t\t\t\t<span class=\"elementor-button-text\">CONTACT<\/span>\n\t\t\t\t\t<\/span>\n\t\t\t\t\t<\/a>\n\t\t\t\t<\/div>\n\t\t\t\t\t\t\t\t<\/div>\n\t\t\t\t<\/div>\n\t\t\t\t\t<\/div>\n\t\t<\/div>\n\t\t\t\t\t<\/div>\n\t\t<\/section>\n\t\t\t\t<\/div>\n\t\t","protected":false},"excerpt":{"rendered":"<p>Utilisation et application Klic10 Vid\u00e9o d&rsquo;instruction Klic10 sang https:\/\/lockcon.ch\/wp-content\/uploads\/2022\/03\/Klic10-Blood-Test-Instructions-English-low.mp4 D\u00e9roulement Avant l&rsquo;utilisation Contr\u00f4lez que la perforation d\u2019ouverture de l\u2019emballage est intacte et [&hellip;]<\/p>\n","protected":false},"author":2,"featured_media":0,"parent":646,"menu_order":0,"comment_status":"closed","ping_status":"closed","template":"page-templates\/page_front-page.php","meta":{"footnotes":""},"class_list":["post-3982","page","type-page","status-publish","hentry"],"_links":{"self":[{"href":"https:\/\/lockcon.ch\/fr\/wp-json\/wp\/v2\/pages\/3982","targetHints":{"allow":["GET"]}}],"collection":[{"href":"https:\/\/lockcon.ch\/fr\/wp-json\/wp\/v2\/pages"}],"about":[{"href":"https:\/\/lockcon.ch\/fr\/wp-json\/wp\/v2\/types\/page"}],"author":[{"embeddable":true,"href":"https:\/\/lockcon.ch\/fr\/wp-json\/wp\/v2\/users\/2"}],"replies":[{"embeddable":true,"href":"https:\/\/lockcon.ch\/fr\/wp-json\/wp\/v2\/comments?post=3982"}],"version-history":[{"count":26,"href":"https:\/\/lockcon.ch\/fr\/wp-json\/wp\/v2\/pages\/3982\/revisions"}],"predecessor-version":[{"id":4292,"href":"https:\/\/lockcon.ch\/fr\/wp-json\/wp\/v2\/pages\/3982\/revisions\/4292"}],"up":[{"embeddable":true,"href":"https:\/\/lockcon.ch\/fr\/wp-json\/wp\/v2\/pages\/646"}],"wp:attachment":[{"href":"https:\/\/lockcon.ch\/fr\/wp-json\/wp\/v2\/media?parent=3982"}],"curies":[{"name":"wp","href":"https:\/\/api.w.org\/{rel}","templated":true}]}}