{"id":4752,"date":"2025-10-01T14:47:30","date_gmt":"2025-10-01T12:47:30","guid":{"rendered":"https:\/\/lockcon.ch\/imprint\/"},"modified":"2025-10-01T15:16:55","modified_gmt":"2025-10-01T13:16:55","slug":"mentions-legales","status":"publish","type":"page","link":"https:\/\/lockcon.ch\/fr\/mentions-legales\/","title":{"rendered":"Mentions l\u00e9gales"},"content":{"rendered":"\t\t<div data-elementor-type=\"wp-post\" data-elementor-id=\"4752\" class=\"elementor elementor-4752 elementor-4743\" data-elementor-post-type=\"page\">\n\t\t\t\t\t\t<section class=\"elementor-section elementor-top-section elementor-element elementor-element-df99ee4 elementor-section-boxed elementor-section-height-default elementor-section-height-default\" data-id=\"df99ee4\" data-element_type=\"section\">\n\t\t\t\t\t\t<div class=\"elementor-container elementor-column-gap-default\">\n\t\t\t\t\t<div class=\"elementor-column elementor-col-100 elementor-top-column elementor-element elementor-element-6a2adb0\" data-id=\"6a2adb0\" data-element_type=\"column\">\n\t\t\t<div class=\"elementor-widget-wrap\">\n\t\t\t\t\t\t\t<\/div>\n\t\t<\/div>\n\t\t\t\t\t<\/div>\n\t\t<\/section>\n\t\t\t\t<section class=\"elementor-section elementor-top-section elementor-element elementor-element-1b15886 elementor-section-content-middle elementor-section-boxed elementor-section-height-default elementor-section-height-default\" data-id=\"1b15886\" data-element_type=\"section\" data-settings=\"{&quot;background_background&quot;:&quot;classic&quot;}\">\n\t\t\t\t\t\t\t<div class=\"elementor-background-overlay\"><\/div>\n\t\t\t\t\t\t\t<div class=\"elementor-container elementor-column-gap-no\">\n\t\t\t\t\t<div class=\"elementor-column elementor-col-100 elementor-top-column elementor-element elementor-element-e4a2a54\" data-id=\"e4a2a54\" data-element_type=\"column\">\n\t\t\t<div class=\"elementor-widget-wrap elementor-element-populated\">\n\t\t\t\t\t\t<div class=\"elementor-element elementor-element-fba4660 elementor-widget elementor-widget-heading\" data-id=\"fba4660\" data-element_type=\"widget\" data-widget_type=\"heading.default\">\n\t\t\t\t<div class=\"elementor-widget-container\">\n\t\t\t\t\t<h1 class=\"elementor-heading-title elementor-size-default\">Mentions l\u00e9gales<\/h1>\t\t\t\t<\/div>\n\t\t\t\t<\/div>\n\t\t\t\t<div class=\"elementor-element elementor-element-685bf0f elementor-widget elementor-widget-heading\" data-id=\"685bf0f\" data-element_type=\"widget\" data-widget_type=\"heading.default\">\n\t\t\t\t<div class=\"elementor-widget-container\">\n\t\t\t\t\t<h5 class=\"elementor-heading-title elementor-size-default\">LockCon SA, WIL SG<\/h5>\t\t\t\t<\/div>\n\t\t\t\t<\/div>\n\t\t\t\t\t<\/div>\n\t\t<\/div>\n\t\t\t\t\t<\/div>\n\t\t<\/section>\n\t\t\t\t<section class=\"elementor-section elementor-top-section elementor-element elementor-element-82a5df5 elementor-section-boxed elementor-section-height-default elementor-section-height-default\" data-id=\"82a5df5\" data-element_type=\"section\">\n\t\t\t\t\t\t<div class=\"elementor-container elementor-column-gap-default\">\n\t\t\t\t\t<div class=\"elementor-column elementor-col-100 elementor-top-column elementor-element elementor-element-0ac1f3a\" data-id=\"0ac1f3a\" data-element_type=\"column\">\n\t\t\t<div class=\"elementor-widget-wrap elementor-element-populated\">\n\t\t\t\t\t\t<div class=\"elementor-element elementor-element-656a63d elementor-widget elementor-widget-text-editor\" data-id=\"656a63d\" data-element_type=\"widget\" data-widget_type=\"text-editor.default\">\n\t\t\t\t<div class=\"elementor-widget-container\">\n\t\t\t\t\t\t\t\t\t<p><span class=\"--l --r sentence_highlight\"><strong>Lockcon SA<\/strong><br \/><\/span><span class=\"--l --r sentence_highlight\">Monika Egli (CEO)<br \/><\/span><span class=\"--l --r sentence_highlight\">Ringstrasse 15<br \/><\/span><span class=\"--l --r sentence_highlight\">9500 Wil SG<br \/><\/span><span class=\"--l --r sentence_highlight\">Suisse<\/span><\/p><p><span class=\"--l --r sentence_highlight\">T\u00e9l\u00e9phone: +41 71 999 08 10<br \/><\/span><span class=\"--l --r sentence_highlight\">E-mail: <a href=\"mailto:info@lockcon.ch\">info@lockcon.ch<\/a><br \/><\/span><\/p><p><span class=\"--l --r sentence_highlight\">UID: CHE-330.677.746<br \/><\/span><span class=\"--l --r sentence_highlight\">TVA: CHE-330.677.746 TVA<\/span><\/p><p>Ces mentions l\u00e9gales s&rsquo;appliquent aussi bien \u00e0 notre site web qu&rsquo;\u00e0 notre pr\u00e9sence d&rsquo;entreprise sur LinkedIn.<\/p>\t\t\t\t\t\t\t\t<\/div>\n\t\t\t\t<\/div>\n\t\t\t\t\t<\/div>\n\t\t<\/div>\n\t\t\t\t\t<\/div>\n\t\t<\/section>\n\t\t\t\t<\/div>\n\t\t","protected":false},"excerpt":{"rendered":"<p>Mentions l\u00e9gales LockCon SA, WIL SG Lockcon SAMonika Egli (CEO)Ringstrasse 159500 Wil SGSuisse T\u00e9l\u00e9phone: +41 71 999 08 10E-mail: info@lockcon.ch UID: CHE-330.677.746TVA: [&hellip;]<\/p>\n","protected":false},"author":2,"featured_media":0,"parent":0,"menu_order":0,"comment_status":"closed","ping_status":"closed","template":"page-templates\/page_front-page.php","meta":{"footnotes":""},"class_list":["post-4752","page","type-page","status-publish","hentry"],"_links":{"self":[{"href":"https:\/\/lockcon.ch\/fr\/wp-json\/wp\/v2\/pages\/4752","targetHints":{"allow":["GET"]}}],"collection":[{"href":"https:\/\/lockcon.ch\/fr\/wp-json\/wp\/v2\/pages"}],"about":[{"href":"https:\/\/lockcon.ch\/fr\/wp-json\/wp\/v2\/types\/page"}],"author":[{"embeddable":true,"href":"https:\/\/lockcon.ch\/fr\/wp-json\/wp\/v2\/users\/2"}],"replies":[{"embeddable":true,"href":"https:\/\/lockcon.ch\/fr\/wp-json\/wp\/v2\/comments?post=4752"}],"version-history":[{"count":7,"href":"https:\/\/lockcon.ch\/fr\/wp-json\/wp\/v2\/pages\/4752\/revisions"}],"predecessor-version":[{"id":4759,"href":"https:\/\/lockcon.ch\/fr\/wp-json\/wp\/v2\/pages\/4752\/revisions\/4759"}],"wp:attachment":[{"href":"https:\/\/lockcon.ch\/fr\/wp-json\/wp\/v2\/media?parent=4752"}],"curies":[{"name":"wp","href":"https:\/\/api.w.org\/{rel}","templated":true}]}}