{"id":646,"date":"2019-08-15T09:55:56","date_gmt":"2019-08-15T07:55:56","guid":{"rendered":"http:\/\/lockcon.ch\/?page_id=646"},"modified":"2025-06-27T17:13:44","modified_gmt":"2025-06-27T15:13:44","slug":"utilisation-application","status":"publish","type":"page","link":"https:\/\/lockcon.ch\/fr\/utilisation-application\/","title":{"rendered":"Utilisation\/Application"},"content":{"rendered":"\t\t<div data-elementor-type=\"wp-post\" data-elementor-id=\"646\" class=\"elementor elementor-646 elementor-209\" data-elementor-post-type=\"page\">\n\t\t\t\t\t\t<section class=\"elementor-section elementor-top-section elementor-element elementor-element-df99ee4 elementor-section-boxed elementor-section-height-default elementor-section-height-default\" data-id=\"df99ee4\" data-element_type=\"section\">\n\t\t\t\t\t\t<div class=\"elementor-container elementor-column-gap-default\">\n\t\t\t\t\t<div class=\"elementor-column elementor-col-100 elementor-top-column elementor-element elementor-element-6a2adb0\" data-id=\"6a2adb0\" data-element_type=\"column\">\n\t\t\t<div class=\"elementor-widget-wrap\">\n\t\t\t\t\t\t\t<\/div>\n\t\t<\/div>\n\t\t\t\t\t<\/div>\n\t\t<\/section>\n\t\t\t\t<section class=\"elementor-section elementor-top-section elementor-element elementor-element-1b15886 elementor-section-content-middle elementor-section-boxed elementor-section-height-default elementor-section-height-default\" data-id=\"1b15886\" data-element_type=\"section\" data-settings=\"{&quot;background_background&quot;:&quot;classic&quot;}\">\n\t\t\t\t\t\t\t<div class=\"elementor-background-overlay\"><\/div>\n\t\t\t\t\t\t\t<div class=\"elementor-container elementor-column-gap-no\">\n\t\t\t\t\t<div class=\"elementor-column elementor-col-100 elementor-top-column elementor-element elementor-element-e4a2a54\" data-id=\"e4a2a54\" data-element_type=\"column\">\n\t\t\t<div class=\"elementor-widget-wrap elementor-element-populated\">\n\t\t\t\t\t\t<div class=\"elementor-element elementor-element-fba4660 elementor-widget elementor-widget-heading\" data-id=\"fba4660\" data-element_type=\"widget\" data-widget_type=\"heading.default\">\n\t\t\t\t<div class=\"elementor-widget-container\">\n\t\t\t\t\t<h4 class=\"elementor-heading-title elementor-size-default\">Utilisation et application<\/h4>\t\t\t\t<\/div>\n\t\t\t\t<\/div>\n\t\t\t\t\t<\/div>\n\t\t<\/div>\n\t\t\t\t\t<\/div>\n\t\t<\/section>\n\t\t\t\t<section class=\"elementor-section elementor-top-section elementor-element elementor-element-69854f5 elementor-section-boxed elementor-section-height-default elementor-section-height-default\" data-id=\"69854f5\" data-element_type=\"section\" data-settings=\"{&quot;background_background&quot;:&quot;classic&quot;}\">\n\t\t\t\t\t\t<div class=\"elementor-container elementor-column-gap-default\">\n\t\t\t\t\t<div class=\"elementor-column elementor-col-100 elementor-top-column elementor-element elementor-element-fcf8e49\" data-id=\"fcf8e49\" data-element_type=\"column\">\n\t\t\t<div class=\"elementor-widget-wrap elementor-element-populated\">\n\t\t\t\t\t\t<div class=\"elementor-element elementor-element-cf4e78b elementor-widget elementor-widget-heading\" data-id=\"cf4e78b\" data-element_type=\"widget\" data-widget_type=\"heading.default\">\n\t\t\t\t<div class=\"elementor-widget-container\">\n\t\t\t\t\t<h2 class=\"elementor-heading-title elementor-size-default\">Obtenez les bonnes directives de manipulation<\/h2>\t\t\t\t<\/div>\n\t\t\t\t<\/div>\n\t\t\t\t<div class=\"elementor-element elementor-element-7a0d109 elementor-widget elementor-widget-text-editor\" data-id=\"7a0d109\" data-element_type=\"widget\" data-widget_type=\"text-editor.default\">\n\t\t\t\t<div class=\"elementor-widget-container\">\n\t\t\t\t\t\t\t\t\t<p class=\"\" data-start=\"41\" data-end=\"105\">S\u00e9lectionnez votre produit pour acc\u00e9der au manuel correspondant.<\/p><p class=\"\" data-start=\"107\" data-end=\"225\">Veuillez noter que les instructions concernent uniquement l&rsquo;utilisation du kit, et non le contenu que vous remplissez.<\/p><p class=\"\" data-start=\"227\" data-end=\"367\">Besoin d&rsquo;un guide personnalis\u00e9 ou d&rsquo;une traduction dans une autre langue ? N&rsquo;h\u00e9sitez pas \u00e0 nous contacter, nous serons ravis de vous aider !<\/p>\t\t\t\t\t\t\t\t<\/div>\n\t\t\t\t<\/div>\n\t\t\t\t\t<\/div>\n\t\t<\/div>\n\t\t\t\t\t<\/div>\n\t\t<\/section>\n\t\t\t\t<section class=\"elementor-section elementor-top-section elementor-element elementor-element-57d26e4 elementor-section-boxed elementor-section-height-default elementor-section-height-default\" data-id=\"57d26e4\" data-element_type=\"section\" data-settings=\"{&quot;background_background&quot;:&quot;classic&quot;}\">\n\t\t\t\t\t\t<div class=\"elementor-container elementor-column-gap-default\">\n\t\t\t\t\t<div class=\"elementor-column elementor-col-50 elementor-top-column elementor-element elementor-element-28550c2\" data-id=\"28550c2\" data-element_type=\"column\">\n\t\t\t<div class=\"elementor-widget-wrap elementor-element-populated\">\n\t\t\t\t\t\t<div class=\"elementor-element elementor-element-ff35eb0 elementor-widget elementor-widget-heading\" data-id=\"ff35eb0\" data-element_type=\"widget\" data-widget_type=\"heading.default\">\n\t\t\t\t<div class=\"elementor-widget-container\">\n\t\t\t\t\t<h2 class=\"elementor-heading-title elementor-size-default\"><a href=\"https:\/\/lockcon.ch\/fr\/utilisation-application\/utilisation-application-klic100\/\">Klic100 urine<\/a><\/h2>\t\t\t\t<\/div>\n\t\t\t\t<\/div>\n\t\t\t\t<div class=\"elementor-element elementor-element-9dd6ee9 elementor-widget elementor-widget-image\" data-id=\"9dd6ee9\" data-element_type=\"widget\" data-widget_type=\"image.default\">\n\t\t\t\t<div class=\"elementor-widget-container\">\n\t\t\t\t\t\t\t\t\t\t\t\t\t\t\t\t<a href=\"https:\/\/lockcon.ch\/fr\/utilisation-application\/utilisation-application-klic100\/\">\n\t\t\t\t\t\t\t<img fetchpriority=\"high\" decoding=\"async\" width=\"1024\" height=\"683\" src=\"https:\/\/lockcon.ch\/wp-content\/uploads\/2025\/03\/lockcon_klic100-gold_complete-1024x683.jpg\" class=\"attachment-large size-large wp-image-4183\" alt=\"\" srcset=\"https:\/\/lockcon.ch\/wp-content\/uploads\/2025\/03\/lockcon_klic100-gold_complete-1024x683.jpg 1024w, https:\/\/lockcon.ch\/wp-content\/uploads\/2025\/03\/lockcon_klic100-gold_complete-300x200.jpg 300w, https:\/\/lockcon.ch\/wp-content\/uploads\/2025\/03\/lockcon_klic100-gold_complete-768x512.jpg 768w, https:\/\/lockcon.ch\/wp-content\/uploads\/2025\/03\/lockcon_klic100-gold_complete-830x553.jpg 830w, https:\/\/lockcon.ch\/wp-content\/uploads\/2025\/03\/lockcon_klic100-gold_complete-230x153.jpg 230w, https:\/\/lockcon.ch\/wp-content\/uploads\/2025\/03\/lockcon_klic100-gold_complete-350x233.jpg 350w, https:\/\/lockcon.ch\/wp-content\/uploads\/2025\/03\/lockcon_klic100-gold_complete-480x320.jpg 480w, https:\/\/lockcon.ch\/wp-content\/uploads\/2025\/03\/lockcon_klic100-gold_complete-272x182.jpg 272w, https:\/\/lockcon.ch\/wp-content\/uploads\/2025\/03\/lockcon_klic100-gold_complete.jpg 1200w\" sizes=\"(max-width: 1024px) 100vw, 1024px\" \/>\t\t\t\t\t\t\t\t<\/a>\n\t\t\t\t\t\t\t\t\t\t\t\t\t\t\t<\/div>\n\t\t\t\t<\/div>\n\t\t\t\t\t<\/div>\n\t\t<\/div>\n\t\t\t\t<div class=\"elementor-column elementor-col-50 elementor-top-column elementor-element elementor-element-f88d4d3\" data-id=\"f88d4d3\" data-element_type=\"column\">\n\t\t\t<div class=\"elementor-widget-wrap elementor-element-populated\">\n\t\t\t\t\t\t<div class=\"elementor-element elementor-element-801cafc elementor-widget elementor-widget-heading\" data-id=\"801cafc\" data-element_type=\"widget\" data-widget_type=\"heading.default\">\n\t\t\t\t<div class=\"elementor-widget-container\">\n\t\t\t\t\t<h2 class=\"elementor-heading-title elementor-size-default\"><a href=\"https:\/\/lockcon.ch\/fr\/utilisation-application\/utilisation-application-klic10\/\">Klic10 sang<\/a><\/h2>\t\t\t\t<\/div>\n\t\t\t\t<\/div>\n\t\t\t\t<div class=\"elementor-element elementor-element-9f4e29c elementor-widget elementor-widget-image\" data-id=\"9f4e29c\" data-element_type=\"widget\" data-widget_type=\"image.default\">\n\t\t\t\t<div class=\"elementor-widget-container\">\n\t\t\t\t\t\t\t\t\t\t\t\t\t\t\t\t<a href=\"https:\/\/lockcon.ch\/fr\/utilisation-application\/utilisation-application-klic10\/\">\n\t\t\t\t\t\t\t<img decoding=\"async\" width=\"1024\" height=\"683\" src=\"https:\/\/lockcon.ch\/wp-content\/uploads\/2025\/03\/lockcon_klic10-gold-1024x683.jpg\" class=\"attachment-large size-large wp-image-4188\" alt=\"\" srcset=\"https:\/\/lockcon.ch\/wp-content\/uploads\/2025\/03\/lockcon_klic10-gold-1024x683.jpg 1024w, https:\/\/lockcon.ch\/wp-content\/uploads\/2025\/03\/lockcon_klic10-gold-300x200.jpg 300w, https:\/\/lockcon.ch\/wp-content\/uploads\/2025\/03\/lockcon_klic10-gold-768x512.jpg 768w, https:\/\/lockcon.ch\/wp-content\/uploads\/2025\/03\/lockcon_klic10-gold-830x553.jpg 830w, https:\/\/lockcon.ch\/wp-content\/uploads\/2025\/03\/lockcon_klic10-gold-230x153.jpg 230w, https:\/\/lockcon.ch\/wp-content\/uploads\/2025\/03\/lockcon_klic10-gold-350x233.jpg 350w, https:\/\/lockcon.ch\/wp-content\/uploads\/2025\/03\/lockcon_klic10-gold-480x320.jpg 480w, https:\/\/lockcon.ch\/wp-content\/uploads\/2025\/03\/lockcon_klic10-gold-272x182.jpg 272w, https:\/\/lockcon.ch\/wp-content\/uploads\/2025\/03\/lockcon_klic10-gold.jpg 1200w\" sizes=\"(max-width: 1024px) 100vw, 1024px\" \/>\t\t\t\t\t\t\t\t<\/a>\n\t\t\t\t\t\t\t\t\t\t\t\t\t\t\t<\/div>\n\t\t\t\t<\/div>\n\t\t\t\t\t<\/div>\n\t\t<\/div>\n\t\t\t\t\t<\/div>\n\t\t<\/section>\n\t\t\t\t<section class=\"elementor-section elementor-top-section elementor-element elementor-element-0989683 elementor-section-boxed elementor-section-height-default elementor-section-height-default\" data-id=\"0989683\" data-element_type=\"section\" data-settings=\"{&quot;background_background&quot;:&quot;classic&quot;}\">\n\t\t\t\t\t\t<div class=\"elementor-container elementor-column-gap-default\">\n\t\t\t\t\t<div class=\"elementor-column elementor-col-50 elementor-top-column elementor-element elementor-element-8073cfb\" data-id=\"8073cfb\" data-element_type=\"column\">\n\t\t\t<div class=\"elementor-widget-wrap elementor-element-populated\">\n\t\t\t\t\t\t<div class=\"elementor-element elementor-element-efeefcc elementor-widget elementor-widget-heading\" data-id=\"efeefcc\" data-element_type=\"widget\" data-widget_type=\"heading.default\">\n\t\t\t\t<div class=\"elementor-widget-container\">\n\t\t\t\t\t<h2 class=\"elementor-heading-title elementor-size-default\"><a href=\"https:\/\/lockcon.ch\/fr\/utilisation-application\/utilisation-application-klic150\/\">Klic150 urine<\/a><\/h2>\t\t\t\t<\/div>\n\t\t\t\t<\/div>\n\t\t\t\t<div class=\"elementor-element elementor-element-890ba7c elementor-widget elementor-widget-image\" data-id=\"890ba7c\" data-element_type=\"widget\" data-widget_type=\"image.default\">\n\t\t\t\t<div class=\"elementor-widget-container\">\n\t\t\t\t\t\t\t\t\t\t\t\t\t\t\t\t<a href=\"https:\/\/lockcon.ch\/fr\/utilisation-application\/utilisation-application-klic150\/\">\n\t\t\t\t\t\t\t<img decoding=\"async\" width=\"1024\" height=\"683\" src=\"https:\/\/lockcon.ch\/wp-content\/uploads\/2025\/03\/lockcon_klic150-1024x683.jpg\" class=\"attachment-large size-large wp-image-4193\" alt=\"\" srcset=\"https:\/\/lockcon.ch\/wp-content\/uploads\/2025\/03\/lockcon_klic150-1024x683.jpg 1024w, https:\/\/lockcon.ch\/wp-content\/uploads\/2025\/03\/lockcon_klic150-300x200.jpg 300w, https:\/\/lockcon.ch\/wp-content\/uploads\/2025\/03\/lockcon_klic150-768x512.jpg 768w, https:\/\/lockcon.ch\/wp-content\/uploads\/2025\/03\/lockcon_klic150-830x553.jpg 830w, https:\/\/lockcon.ch\/wp-content\/uploads\/2025\/03\/lockcon_klic150-230x153.jpg 230w, https:\/\/lockcon.ch\/wp-content\/uploads\/2025\/03\/lockcon_klic150-350x233.jpg 350w, https:\/\/lockcon.ch\/wp-content\/uploads\/2025\/03\/lockcon_klic150-480x320.jpg 480w, https:\/\/lockcon.ch\/wp-content\/uploads\/2025\/03\/lockcon_klic150-272x182.jpg 272w, https:\/\/lockcon.ch\/wp-content\/uploads\/2025\/03\/lockcon_klic150.jpg 1200w\" sizes=\"(max-width: 1024px) 100vw, 1024px\" \/>\t\t\t\t\t\t\t\t<\/a>\n\t\t\t\t\t\t\t\t\t\t\t\t\t\t\t<\/div>\n\t\t\t\t<\/div>\n\t\t\t\t\t<\/div>\n\t\t<\/div>\n\t\t\t\t<div class=\"elementor-column elementor-col-50 elementor-top-column elementor-element elementor-element-61ce340\" data-id=\"61ce340\" data-element_type=\"column\">\n\t\t\t<div class=\"elementor-widget-wrap elementor-element-populated\">\n\t\t\t\t\t\t<div class=\"elementor-element elementor-element-50ae69b elementor-widget elementor-widget-heading\" data-id=\"50ae69b\" data-element_type=\"widget\" data-widget_type=\"heading.default\">\n\t\t\t\t<div class=\"elementor-widget-container\">\n\t\t\t\t\t<h2 class=\"elementor-heading-title elementor-size-default\"><a href=\"https:\/\/lockcon.ch\/fr\/utilisation-application\/utilisation-application-klic185\/\">Klic185 sang<\/a><\/h2>\t\t\t\t<\/div>\n\t\t\t\t<\/div>\n\t\t\t\t<div class=\"elementor-element elementor-element-1e41cb1 elementor-widget elementor-widget-image\" data-id=\"1e41cb1\" data-element_type=\"widget\" data-widget_type=\"image.default\">\n\t\t\t\t<div class=\"elementor-widget-container\">\n\t\t\t\t\t\t\t\t\t\t\t\t\t\t\t\t<a href=\"https:\/\/lockcon.ch\/fr\/utilisation-application\/utilisation-application-klic185\/\">\n\t\t\t\t\t\t\t<img loading=\"lazy\" decoding=\"async\" width=\"1024\" height=\"683\" src=\"https:\/\/lockcon.ch\/wp-content\/uploads\/2025\/03\/lockcon_klic185-1-1024x683.jpg\" class=\"attachment-large size-large wp-image-4198\" alt=\"\" srcset=\"https:\/\/lockcon.ch\/wp-content\/uploads\/2025\/03\/lockcon_klic185-1-1024x683.jpg 1024w, https:\/\/lockcon.ch\/wp-content\/uploads\/2025\/03\/lockcon_klic185-1-300x200.jpg 300w, https:\/\/lockcon.ch\/wp-content\/uploads\/2025\/03\/lockcon_klic185-1-768x512.jpg 768w, https:\/\/lockcon.ch\/wp-content\/uploads\/2025\/03\/lockcon_klic185-1-830x553.jpg 830w, https:\/\/lockcon.ch\/wp-content\/uploads\/2025\/03\/lockcon_klic185-1-230x153.jpg 230w, https:\/\/lockcon.ch\/wp-content\/uploads\/2025\/03\/lockcon_klic185-1-350x233.jpg 350w, https:\/\/lockcon.ch\/wp-content\/uploads\/2025\/03\/lockcon_klic185-1-480x320.jpg 480w, https:\/\/lockcon.ch\/wp-content\/uploads\/2025\/03\/lockcon_klic185-1-272x182.jpg 272w, https:\/\/lockcon.ch\/wp-content\/uploads\/2025\/03\/lockcon_klic185-1.jpg 1200w\" sizes=\"(max-width: 1024px) 100vw, 1024px\" \/>\t\t\t\t\t\t\t\t<\/a>\n\t\t\t\t\t\t\t\t\t\t\t\t\t\t\t<\/div>\n\t\t\t\t<\/div>\n\t\t\t\t\t<\/div>\n\t\t<\/div>\n\t\t\t\t\t<\/div>\n\t\t<\/section>\n\t\t\t\t<section class=\"elementor-section elementor-top-section elementor-element elementor-element-bfbd76f elementor-section-boxed elementor-section-height-default elementor-section-height-default\" data-id=\"bfbd76f\" data-element_type=\"section\" data-settings=\"{&quot;background_background&quot;:&quot;classic&quot;}\">\n\t\t\t\t\t\t<div class=\"elementor-container elementor-column-gap-default\">\n\t\t\t\t\t<div class=\"elementor-column elementor-col-100 elementor-top-column elementor-element elementor-element-df5a38e\" data-id=\"df5a38e\" data-element_type=\"column\">\n\t\t\t<div class=\"elementor-widget-wrap elementor-element-populated\">\n\t\t\t\t\t\t<div class=\"elementor-element elementor-element-e31d1f0 elementor-widget elementor-widget-heading\" data-id=\"e31d1f0\" data-element_type=\"widget\" data-widget_type=\"heading.default\">\n\t\t\t\t<div class=\"elementor-widget-container\">\n\t\t\t\t\t<h2 class=\"elementor-heading-title elementor-size-default\">Conditions d'utilisation<\/h2>\t\t\t\t<\/div>\n\t\t\t\t<\/div>\n\t\t\t\t<div class=\"elementor-element elementor-element-1ff2fa4 elementor-widget elementor-widget-text-editor\" data-id=\"1ff2fa4\" data-element_type=\"widget\" data-widget_type=\"text-editor.default\">\n\t\t\t\t<div class=\"elementor-widget-container\">\n\t\t\t\t\t\t\t\t\t<p class=\"p1\"><span class=\"s1\">Conditions d&rsquo;utilisation : Les syst\u00e8mes de LockCon SA doivent \u00eatre utilis\u00e9s avant la date d&rsquo;expiration et conform\u00e9ment aux instructions publi\u00e9es sur notre site Internet. N&rsquo;utilisez aucuns kits ou composants endommag\u00e9s, incomplets, p\u00e9rim\u00e9s, alt\u00e9r\u00e9s ou inadapt\u00e9s. LockCon SA n&rsquo;est en aucun cas responsable de quelconques<span class=\"Apple-converted-space\">\u00a0 <\/span>dommages r\u00e9sultant de l\u2019emploi ou de la mauvaise utilisation de ses produits.<\/span><\/p><p class=\"p2\"><span class=\"s2\"><a href=\"http:\/\/lockcon.ch\/fr\/conditions-generales-de-vente\/\">&gt; Conditions G\u00e9n\u00e9rales de Vente<\/a><\/span><\/p>\t\t\t\t\t\t\t\t<\/div>\n\t\t\t\t<\/div>\n\t\t\t\t\t<\/div>\n\t\t<\/div>\n\t\t\t\t\t<\/div>\n\t\t<\/section>\n\t\t\t\t<section class=\"elementor-section elementor-top-section elementor-element elementor-element-4b4346ca elementor-section-content-middle elementor-section-boxed elementor-section-height-default elementor-section-height-default\" data-id=\"4b4346ca\" data-element_type=\"section\" data-settings=\"{&quot;background_background&quot;:&quot;classic&quot;}\">\n\t\t\t\t\t\t<div class=\"elementor-container elementor-column-gap-no\">\n\t\t\t\t\t<div class=\"elementor-column elementor-col-100 elementor-top-column elementor-element elementor-element-27ae3ae5\" data-id=\"27ae3ae5\" data-element_type=\"column\">\n\t\t\t<div class=\"elementor-widget-wrap elementor-element-populated\">\n\t\t\t\t\t\t<div class=\"elementor-element elementor-element-3261858e elementor-widget elementor-widget-heading\" data-id=\"3261858e\" data-element_type=\"widget\" data-widget_type=\"heading.default\">\n\t\t\t\t<div class=\"elementor-widget-container\">\n\t\t\t\t\t<h5 class=\"elementor-heading-title elementor-size-default\">Nous nous ferons un plaisir de discuter de vos besoins individuels<\/h5>\t\t\t\t<\/div>\n\t\t\t\t<\/div>\n\t\t\t\t<div class=\"elementor-element elementor-element-3c1e971e elementor-align-center elementor-widget elementor-widget-button\" data-id=\"3c1e971e\" data-element_type=\"widget\" data-widget_type=\"button.default\">\n\t\t\t\t<div class=\"elementor-widget-container\">\n\t\t\t\t\t\t\t\t\t<div class=\"elementor-button-wrapper\">\n\t\t\t\t\t<a class=\"elementor-button elementor-button-link elementor-size-md elementor-animation-shrink\" href=\"mailto:%20info@lockcon.ch\" target=\"_blank\" id=\"lockcon-id\">\n\t\t\t\t\t\t<span class=\"elementor-button-content-wrapper\">\n\t\t\t\t\t\t\t\t\t<span class=\"elementor-button-text\">CONTACT<\/span>\n\t\t\t\t\t<\/span>\n\t\t\t\t\t<\/a>\n\t\t\t\t<\/div>\n\t\t\t\t\t\t\t\t<\/div>\n\t\t\t\t<\/div>\n\t\t\t\t\t<\/div>\n\t\t<\/div>\n\t\t\t\t\t<\/div>\n\t\t<\/section>\n\t\t\t\t<\/div>\n\t\t","protected":false},"excerpt":{"rendered":"<p>Utilisation et application Obtenez les bonnes directives de manipulation S\u00e9lectionnez votre produit pour acc\u00e9der au manuel correspondant. Veuillez noter que les instructions [&hellip;]<\/p>\n","protected":false},"author":1,"featured_media":0,"parent":0,"menu_order":0,"comment_status":"closed","ping_status":"closed","template":"page-templates\/page_front-page.php","meta":{"footnotes":""},"class_list":["post-646","page","type-page","status-publish","hentry"],"_links":{"self":[{"href":"https:\/\/lockcon.ch\/fr\/wp-json\/wp\/v2\/pages\/646","targetHints":{"allow":["GET"]}}],"collection":[{"href":"https:\/\/lockcon.ch\/fr\/wp-json\/wp\/v2\/pages"}],"about":[{"href":"https:\/\/lockcon.ch\/fr\/wp-json\/wp\/v2\/types\/page"}],"author":[{"embeddable":true,"href":"https:\/\/lockcon.ch\/fr\/wp-json\/wp\/v2\/users\/1"}],"replies":[{"embeddable":true,"href":"https:\/\/lockcon.ch\/fr\/wp-json\/wp\/v2\/comments?post=646"}],"version-history":[{"count":26,"href":"https:\/\/lockcon.ch\/fr\/wp-json\/wp\/v2\/pages\/646\/revisions"}],"predecessor-version":[{"id":4304,"href":"https:\/\/lockcon.ch\/fr\/wp-json\/wp\/v2\/pages\/646\/revisions\/4304"}],"wp:attachment":[{"href":"https:\/\/lockcon.ch\/fr\/wp-json\/wp\/v2\/media?parent=646"}],"curies":[{"name":"wp","href":"https:\/\/api.w.org\/{rel}","templated":true}]}}